{"id":770,"date":"2017-01-31T17:46:34","date_gmt":"2017-01-31T16:46:34","guid":{"rendered":"https:\/\/2017.torino.wordcamp.org\/?page_id=770"},"modified":"2017-02-28T12:28:50","modified_gmt":"2017-02-28T11:28:50","slug":"evento","status":"publish","type":"page","link":"https:\/\/torino.wordcamp.org\/2017\/evento\/","title":{"rendered":"Evento"},"content":{"rendered":"<p class=\"note\"><em>Italian text is followed by <a href=\"#en770\">English text<\/a><\/em><\/p>\n<h3>Cos&#8217;\u00e8 WordCamp Torino?<\/h3>\n<p>WordCamp Torino \u00e8 un evento organizzato dalla community torinese di WordPress.<br \/>\nL\u2019evento \u00e8 rivolto a tutti quelli\u00a0che, a qualsiasi livello, abbiano\u00a0un <strong>interesse per WordPress<\/strong>: blogger, sviluppatori, web designer o semplici curiosi. Sarete tutti benvenuti!<\/p>\n<h3>La conferenza<\/h3>\n<p>WordCamp Torino si terr\u00e0 <strong>sabato 8 aprile 2017 <a href=\"https:\/\/2017.torino.wordcamp.org\/location\/\">presso Toolbox Coworking<\/a><\/strong> e ci saranno interventi per tutti i gusti: si parler\u00e0 di temi dev ma anche di\u00a0contenuti, seo, marketing, business&#8230; tutto powered by WordPress!<\/p>\n<p>In qualsiasi momento della giornata potrai decidere quali interventi\u00a0seguire per imparare cose nuove e confrontarti con gli altri partecipanti &#8211; la traccia non ufficiale &#8220;Corridoi e reception&#8221; pullula sempre di incontri interessanti!<\/p>\n<h3>Il Contributor Day<\/h3>\n<p>Per chi lo desidera, <strong>il giorno precedente al WordCamp, venerd\u00ec 7 aprile, si terr\u00e0 il <a href=\"https:\/\/2017.torino.wordcamp.org\/2017\/01\/19\/il-contributor-day\/\">Contributor Day<\/a>:<\/strong> una giornata di lavoro dove tutti insieme contribuiremo, secondo le nostre competenze, al progetto open source di WordPress. Non \u00e8 necessario che tu sappia programmare, basta aver\u00a0voglia di unirti a noi per collaborare a rendere pi\u00f9 grande questa comunit\u00e0. Ci saranno diversi tavoli di lavoro, sar\u00e0 divertente! I posti per partecipare a questa giornata sono limitati.<\/p>\n<p><em><strong>Pubblicheremo nelle prossime settimane il programma della giornata e altri post di approfondimento sul Contributor Day: iscriviti agli aggiornamenti inserendo la tua mail nel box che trovi qui a fianco, cos\u00ec riceverai le nostre notizie!\u00a0<\/strong><\/em><\/p>\n<h3>Voglio partecipare!<\/h3>\n<p><a href=\"https:\/\/2017.torino.wordcamp.org\/2017\/01\/20\/e-iniziata-la-vendita-dei-biglietti\/\">Acquista subito il tuo biglietto:<\/a> il costo \u00e8 simbolico e ci aiuta a coprire parte delle spese. Tutta l&#8217;organizzazione del WordCamp \u00e8 fatta da volontari e le spese sono coperte dai nostri amati sponsor!<\/p>\n<h3 id=\"en770\" class=\"divider\">English<\/h3>\n<h3>What is\u00a0WordCamp Torino?<\/h3>\n<p>WordCamp Torino is an event organized by the local WordPress community.<br \/>\nIt&#8217;s for\u00a0anybody who is <strong>interested in WordPress at any level<\/strong>:\u00a0bloggers, developers, web designers or just curious. You are all\u00a0welcome!<\/p>\n<h3><span style=\"line-height: 1.5\">The Conference<\/span><\/h3>\n<p>WordCamp Torino will be held on<strong>\u00a0at\u00a0<a href=\"https:\/\/2017.torino.wordcamp.org\/location\/\">Toolbox Coworking<\/a>\u00a0Saturday April 8th.<\/strong><br \/>\nWe will have a lot\u00a0of talks about\u00a0developing, content, SEO, marketing, business&#8230; all powered by WordPress!<\/p>\n<p>At any time of the day you can decide which track to follow. You&#8217;ll learn new things and discuss with the other attendees\u00a0&#8211; and don&#8217;t forget the unofficial &#8220;Hallways and reception area&#8221; track, full of interesting meetings all day long!<\/p>\n<h3>Contributor Day<\/h3>\n<p>For those who are<strong> interested in contributing to the open source WordPress.org project<\/strong>, on\u00a0Friday, April 7th\u00a0<a href=\"https:\/\/2017.torino.wordcamp.org\/2017\/01\/19\/il-contributor-day\/\"><strong>we will have a\u00a0Contributor Day<\/strong><\/a>. It&#8217;s a full day of team work: together we\u00a0will contribute, according to our skills, to make WordPress better. It is not necessary to\u00a0have coding skills as there are different teams &#8211; all interesting, useful and fun! The event is\u00a0free and spots are limited, so don&#8217;t miss our updates \ud83d\ude42<\/p>\n<p><em><strong>We will post the schedule and other news about Contributor Day very soon: follow us!\u00a0<\/strong><\/em><\/p>\n<h3>Ok, I am in!<\/h3>\n<p><a href=\"https:\/\/2017.torino.wordcamp.org\/2017\/01\/20\/e-iniziata-la-vendita-dei-biglietti\/\">Buy your ticket:<\/a>\u00a0it has\u00a0a token price \ud83d\ude09<\/p>\n","protected":false},"excerpt":{"rendered":"<p>Italian text is followed by English text Cos&#8217;\u00e8 WordCamp Torino? WordCamp Torino \u00e8 un evento organizzato dalla community torinese di WordPress. L\u2019evento \u00e8 rivolto a tutti quelli\u00a0che, a qualsiasi livello, abbiano\u00a0un interesse per WordPress: blogger, sviluppatori, web designer o semplici &hellip; <a href=\"https:\/\/torino.wordcamp.org\/2017\/evento\/\">Continua la lettura <span class=\"screen-reader-text\">Evento<\/span>  <span class=\"meta-nav\">&rarr;<\/span><\/a><\/p>\n","protected":false},"author":14492504,"featured_media":0,"parent":0,"menu_order":0,"comment_status":"closed","ping_status":"closed","template":"template-full-width.php","meta":{"_crdt_document":"","jetpack_post_was_ever_published":false,"footnotes":""},"class_list":["post-770","page","type-page","status-publish","hentry"],"jetpack_sharing_enabled":true,"jetpack_shortlink":"https:\/\/wp.me\/P84TuR-cq","_links":{"self":[{"href":"https:\/\/torino.wordcamp.org\/2017\/wp-json\/wp\/v2\/pages\/770","targetHints":{"allow":["GET"]}}],"collection":[{"href":"https:\/\/torino.wordcamp.org\/2017\/wp-json\/wp\/v2\/pages"}],"about":[{"href":"https:\/\/torino.wordcamp.org\/2017\/wp-json\/wp\/v2\/types\/page"}],"author":[{"embeddable":true,"href":"https:\/\/torino.wordcamp.org\/2017\/wp-json\/wp\/v2\/users\/14492504"}],"replies":[{"embeddable":true,"href":"https:\/\/torino.wordcamp.org\/2017\/wp-json\/wp\/v2\/comments?post=770"}],"version-history":[{"count":11,"href":"https:\/\/torino.wordcamp.org\/2017\/wp-json\/wp\/v2\/pages\/770\/revisions"}],"predecessor-version":[{"id":1218,"href":"https:\/\/torino.wordcamp.org\/2017\/wp-json\/wp\/v2\/pages\/770\/revisions\/1218"}],"wp:attachment":[{"href":"https:\/\/torino.wordcamp.org\/2017\/wp-json\/wp\/v2\/media?parent=770"}],"curies":[{"name":"wp","href":"https:\/\/api.w.org\/{rel}","templated":true}]}}