{"id":1455,"date":"2018-03-13T19:45:13","date_gmt":"2018-03-13T18:45:13","guid":{"rendered":"https:\/\/2018.torino.wordcamp.org\/?page_id=1455"},"modified":"2018-03-28T23:16:50","modified_gmt":"2018-03-28T22:16:50","slug":"schedule-contributor-day","status":"publish","type":"page","link":"https:\/\/torino.wordcamp.org\/2018\/schedule-contributor-day\/","title":{"rendered":"Venerd\u00ec 6 Aprile"},"content":{"rendered":"<p>Il Contributor Day \u00e8 Venerd\u00ec 6 Aprile. <a href=\"https:\/\/2018.torino.wordcamp.org\/2018\/03\/14\/venerdi-6-aprile-il-contributor-day\/\">Informazioni utili<\/a><\/p>\n<table class=\"wcpt-schedule\" border=\"0\"><thead><tr><th class=\"wcpt-col-time\">Orario<\/th><th class=\"wcpt-col-track\"> <span class=\"wcpt-track-name\">Track CD<\/span> <span class=\"wcpt-track-description\"><\/span> <\/th><th class=\"wcpt-col-track\"> <span class=\"wcpt-track-name\">Track Workshop<\/span> <span class=\"wcpt-track-description\"><\/span> <\/th><\/tr><\/thead><tbody><tr class=\"wcpt-time-1000 global-session registrazioni\"><td class=\"wcpt-time\">10:00<\/td><td colspan=\"2\" class=\"wcb-track-track-cd wcb-track-track-workshop wcpt-session-type-custom wcb-session-registrazioni\" data-track-title=\"Track CD, Track Workshop\" data-session-id=\"1465\"><div class=\"wcb-session-cell-content\"><span class=\"wcpt-session-title\">Registrazioni<\/span><\/div><\/td><\/tr><tr class=\"wcpt-time-1030 global-session introduzione-alla-giornata\"><td class=\"wcpt-time\">10:30<\/td><td colspan=\"2\" class=\"wcb-track-track-cd wcb-track-track-workshop wcpt-session-type-session wcb-session-introduzione-alla-giornata\" data-track-title=\"Track CD, Track Workshop\" data-session-id=\"1458\"><div class=\"wcb-session-cell-content\"><a class=\"wcpt-session-title\" href=\"https:\/\/torino.wordcamp.org\/2018\/session\/introduzione-alla-giornata\/\">Introduzione alla giornata<\/a><\/div><div class=\"wcb-session-favourite-icon\"><a href=\"#\" role=\"button\" class=\"fav-session-button\" aria-pressed=\"false\"><span class=\"screen-reader-text\">Sessioni preferite: Introduzione alla giornata<\/span><span class=\"dashicons dashicons-star-filled\"><\/span><\/a><\/div><\/td><\/tr><tr class=\"wcpt-time-1130\"><td class=\"wcpt-time\">11:30<\/td><td colspan=\"1\" class=\"wcb-track-track-cd wcpt-session-type-session wcb-session-lavori-nei-team\" data-track-title=\"Track CD\" data-session-id=\"1460\"><div class=\"wcb-session-cell-content\"><a class=\"wcpt-session-title\" href=\"https:\/\/torino.wordcamp.org\/2018\/session\/lavori-nei-team\/\">Lavori nei team<\/a><\/div><div class=\"wcb-session-favourite-icon\"><a href=\"#\" role=\"button\" class=\"fav-session-button\" aria-pressed=\"false\"><span class=\"screen-reader-text\">Sessioni preferite: Lavori nei team<\/span><span class=\"dashicons dashicons-star-filled\"><\/span><\/a><\/div><\/td><td colspan=\"1\" class=\"wcb-speaker-simona-simionato wcb-track-track-workshop wcpt-session-type-session wcb-session-metodi-e-strategie-per-generare-idee-per-un-talk-di-wordpress\" data-track-title=\"Track Workshop\" data-session-id=\"808\"><div class=\"wcb-session-cell-content\"><a class=\"wcpt-session-title\" href=\"https:\/\/torino.wordcamp.org\/2018\/session\/metodi-e-strategie-per-generare-idee-per-un-talk-di-wordpress\/\">Metodi e strategie per generare idee per un talk (di WordPress) [Workshop, ITA]<\/a> <span class=\"wcpt-session-speakers\"><a href=\"https:\/\/torino.wordcamp.org\/2018\/speakers\/#wcorg-speaker-simona-simionato\">Simona Simionato<\/a><\/span><\/div><div class=\"wcb-session-favourite-icon\"><a href=\"#\" role=\"button\" class=\"fav-session-button\" aria-pressed=\"false\"><span class=\"screen-reader-text\">Sessioni preferite: Metodi e strategie per generare idee per un talk (di WordPress) [Workshop, ITA]<\/span><span class=\"dashicons dashicons-star-filled\"><\/span><\/a><\/div><\/td><\/tr><tr class=\"wcpt-time-1330 global-session pausa-pranzo\"><td class=\"wcpt-time\">13:30<\/td><td colspan=\"2\" class=\"wcb-track-track-cd wcb-track-track-workshop wcpt-session-type-custom wcb-session-pausa-pranzo\" data-track-title=\"Track CD, Track Workshop\" data-session-id=\"1467\"><div class=\"wcb-session-cell-content\"><span class=\"wcpt-session-title\">Pausa pranzo<\/span><\/div><\/td><\/tr><tr class=\"wcpt-time-1430\"><td class=\"wcpt-time\">14:30<\/td><td colspan=\"1\" class=\"wcb-track-track-cd wcpt-session-type-session wcb-session-lavori-nei-team-2\" data-track-title=\"Track CD\" data-session-id=\"1462\"><div class=\"wcb-session-cell-content\"><a class=\"wcpt-session-title\" href=\"https:\/\/torino.wordcamp.org\/2018\/session\/lavori-nei-team-2\/\">Lavori nei team<\/a><\/div><div class=\"wcb-session-favourite-icon\"><a href=\"#\" role=\"button\" class=\"fav-session-button\" aria-pressed=\"false\"><span class=\"screen-reader-text\">Sessioni preferite: Lavori nei team<\/span><span class=\"dashicons dashicons-star-filled\"><\/span><\/a><\/div><\/td><td colspan=\"1\" class=\"wcb-speaker-elena-bobbola wcb-track-track-workshop wcpt-session-type-session wcb-session-perche-labito-fa-il-monaco-consigli-per-una-presentazione-efficace-per-il-tuo-lavoro\" data-track-title=\"Track Workshop\" data-session-id=\"766\"><div class=\"wcb-session-cell-content\"><a class=\"wcpt-session-title\" href=\"https:\/\/torino.wordcamp.org\/2018\/session\/perche-labito-fa-il-monaco-consigli-per-una-presentazione-efficace-per-il-tuo-lavoro\/\">Perch\u00e8 l&#8217;abito FA il monaco: consigli per una presentazione efficace per il tuo lavoro [Workshop, ITA]<\/a> <span class=\"wcpt-session-speakers\"><a href=\"https:\/\/torino.wordcamp.org\/2018\/speakers\/#wcorg-speaker-elena-bobbola\">Elena Bobbola<\/a><\/span><\/div><div class=\"wcb-session-favourite-icon\"><a href=\"#\" role=\"button\" class=\"fav-session-button\" aria-pressed=\"false\"><span class=\"screen-reader-text\">Sessioni preferite: Perch\u00e8 l&#8217;abito FA il monaco: consigli per una presentazione efficace per il tuo lavoro [Workshop, ITA]<\/span><span class=\"dashicons dashicons-star-filled\"><\/span><\/a><\/div><\/td><\/tr><tr class=\"wcpt-time-1630 global-session closing-remarks\"><td class=\"wcpt-time\">16:30<\/td><td colspan=\"2\" class=\"wcb-track-track-cd wcb-track-track-workshop wcpt-session-type-session wcb-session-closing-remarks-2\" data-track-title=\"Track CD, Track Workshop\" data-session-id=\"1469\"><div class=\"wcb-session-cell-content\"><a class=\"wcpt-session-title\" href=\"https:\/\/torino.wordcamp.org\/2018\/session\/closing-remarks-2\/\">Closing remarks<\/a><\/div><div class=\"wcb-session-favourite-icon\"><a href=\"#\" role=\"button\" class=\"fav-session-button\" aria-pressed=\"false\"><span class=\"screen-reader-text\">Sessioni preferite: Closing remarks<\/span><span class=\"dashicons dashicons-star-filled\"><\/span><\/a><\/div><\/td><\/tr><\/tbody><\/table>\n\t<div class=\"email-form fav-session-email-form-hide\">\n\t\t<!-- Tab links -->\n\t\t<div class=\"fav-session-share-tab\">\n\t\t\t\t\t\t\t<div class=\"fav-session-tablinks\" id=\"fav-session-btn-email\">\n\t\t\t\t\tEmail\t\t\t\t<\/div>\n\t\t\t\n\t\t\t<div class=\"fav-session-tablinks\" id=\"fav-session-btn-link\">\n\t\t\t\tLink\t\t\t<\/div>\n\n\t\t\t<div class=\"fav-session-tablinks\" id=\"fav-session-btn-print\">\n\t\t\t\tStampa\t\t\t<\/div>\n\t\t<\/div>\n\n\t\t<!-- Tab content -->\n\t\t\t\t\t<div id=\"fav-session-tab-email\" class=\"fav-session-share-tabcontent\">\n\t\t\t\t<div id=\"fav-session-email-form\">\n\t\t\t\t\tSpediscimi le mie sessioni preferite:\n\t\t\t\t\t<form id=\"fav-sessions-form\">\n\t\t\t\t\t\t<input\n\t\t\t\t\t\t\ttype=\"text\"\n\t\t\t\t\t\t\tname=\"email_address\"\n\t\t\t\t\t\t\tid=\"fav-sessions-email-address\"\n\t\t\t\t\t\t\tplaceholder=\"me@protonmail.com\"\n\t\t\t\t\t\t\/>\n\t\t\t\t\t\t<input type=\"submit\" value=\"Invio\" \/>\n\t\t\t\t\t<\/form>\n\t\t\t\t<\/div>\n\n\t\t\t\t<div class=\"fav-session-email-wait-spinner\"><\/div>\n\t\t\t\t<div class=\"fav-session-email-result\"><\/div>\n\t\t\t<\/div>\n\t\t\n\t\t<div id=\"fav-session-tab-link\" class=\"fav-session-share-tabcontent\">\n\t\t\tLink condivisibile:\t\t\t<br \/>\n\t\t\t<a id=\"fav-sessions-link\" href=\"\"><\/a>\n\t\t<\/div>\n\n\t\t<div id=\"fav-session-tab-print\" class=\"fav-session-share-tabcontent\">\n\t\t\t<button id=\"fav-session-print\">\n\t\t\t\tStampa le sessioni preferite\t\t\t<\/button>\n\t\t<\/div>\n\t<\/div>\n\n\t<a class=\"show-email-form\" href=\"javascript:\">\n\t\t<span class=\"dashicons dashicons-star-filled\"><\/span>\n\t\t<span class=\"dashicons dashicons-email-alt\"><\/span>\n\t<\/a>\n\n\t\n","protected":false},"excerpt":{"rendered":"<p>Il Contributor Day \u00e8 Venerd\u00ec 6 Aprile. Informazioni utili<\/p>\n","protected":false},"author":14657658,"featured_media":0,"parent":0,"menu_order":0,"comment_status":"closed","ping_status":"closed","template":"template-full-width.php","meta":{"_crdt_document":"","jetpack_post_was_ever_published":false,"footnotes":""},"class_list":["post-1455","page","type-page","status-publish","hentry"],"jetpack_sharing_enabled":true,"jetpack_shortlink":"https:\/\/wp.me\/P99SMW-nt","_links":{"self":[{"href":"https:\/\/torino.wordcamp.org\/2018\/wp-json\/wp\/v2\/pages\/1455","targetHints":{"allow":["GET"]}}],"collection":[{"href":"https:\/\/torino.wordcamp.org\/2018\/wp-json\/wp\/v2\/pages"}],"about":[{"href":"https:\/\/torino.wordcamp.org\/2018\/wp-json\/wp\/v2\/types\/page"}],"author":[{"embeddable":true,"href":"https:\/\/torino.wordcamp.org\/2018\/wp-json\/wp\/v2\/users\/14657658"}],"replies":[{"embeddable":true,"href":"https:\/\/torino.wordcamp.org\/2018\/wp-json\/wp\/v2\/comments?post=1455"}],"version-history":[{"count":5,"href":"https:\/\/torino.wordcamp.org\/2018\/wp-json\/wp\/v2\/pages\/1455\/revisions"}],"predecessor-version":[{"id":1777,"href":"https:\/\/torino.wordcamp.org\/2018\/wp-json\/wp\/v2\/pages\/1455\/revisions\/1777"}],"wp:attachment":[{"href":"https:\/\/torino.wordcamp.org\/2018\/wp-json\/wp\/v2\/media?parent=1455"}],"curies":[{"name":"wp","href":"https:\/\/api.w.org\/{rel}","templated":true}]}}