{"id":315,"date":"2018-12-11T12:31:36","date_gmt":"2018-12-11T12:31:36","guid":{"rendered":"https:\/\/2019.torino.wordcamp.org\/?page_id=315"},"modified":"2019-03-18T22:30:30","modified_gmt":"2019-03-18T22:30:30","slug":"evento","status":"publish","type":"page","link":"https:\/\/torino.wordcamp.org\/2019\/","title":{"rendered":"WCTRN"},"content":{"rendered":"<h2>COS\u2019\u00c8 WORDCAMP TORINO?<\/h2>\n<p>WordCamp Torino \u00e8 un evento organizzato dalla community torinese di WordPress.<br \/>\nL\u2019evento \u00e8 rivolto a tutti quelli\u00a0che, a qualsiasi livello, abbiano\u00a0un\u00a0<strong>interesse per WordPress<\/strong>: blogger, sviluppatori, web designer, aziende e professionisti del settore o semplici curiosi.<strong> Sarete tutti benvenuti! <\/strong><\/p>\n<p>Il WordCamp \u00e8 l&#8217;occasione per conoscersi, scambiarsi informazioni, imparare cose nuove, divulgare buone pratiche e diffondere la conoscenza del Content Management System (CMS) usato da oltre un terzo dei siti web del mondo. Ed \u00e8 una festa: l&#8217;incontro della sua <em>Community<\/em> che permette a WordPress di crescere e svilupparsi &lt;3.<\/p>\n<h2>LA CONFERENZA<\/h2>\n<p>WordCamp Torino si terr\u00e0\u00a0<strong>sabato 6 aprile 2019\u00a0<a href=\"https:\/\/2018.torino.wordcamp.org\/dove-e-quando\/\">presso Toolbox Coworking<\/a><\/strong>\u00a0e ci saranno interventi per tutti i gusti: si parler\u00e0 di temi dev ma anche di\u00a0contenuti, seo, marketing, business\u2026 tutto powered by WordPress!<\/p>\n<p>In qualsiasi momento della giornata potrai decidere quali interventi\u00a0seguire per imparare cose nuove e confrontarti con gli altri partecipanti \u2013 la traccia non ufficiale \u201cCorridoi e reception\u201d pullula sempre di incontri interessanti!<\/p>\n<h2>IL CONTRIBUTOR DAY<\/h2>\n<p>Per chi lo desidera,\u00a0<strong>il giorno precedente al WordCamp, venerd\u00ec 5 aprile 2019, si terr\u00e0 il\u00a0Contributor Day<\/strong>:\u00a0una giornata di lavoro dove tutti insieme contribuiremo, secondo le nostre competenze, al progetto open source di WordPress. Non \u00e8 necessario che tu sappia programmare, basta aver\u00a0voglia di unirti a noi per collaborare a rendere pi\u00f9 grande questa comunit\u00e0. Ci saranno diversi tavoli di lavoro, sar\u00e0 divertente! I posti per partecipare a questa giornata sono limitati.<\/p>\n<p><em><strong>Il programma della giornata \u00e8 descritto nei dettagli <a href=\"https:\/\/2019.torino.wordcamp.org\/schedule\/\" target=\"_blank\" rel=\"noopener noreferrer\">in questa pagina; <\/a>nelle prossime settimane pubblicheremo altri post di approfondimento sulla Conferenza e sul Contributor Day: iscriviti agli aggiornamenti inserendo la tua mail nel box che trovi qui a fianco, cos\u00ec riceverai le nostre notizie!\u00a0<\/strong><\/em><\/p>\n<h2>VOGLIO PARTECIPARE!<\/h2>\n<p><a href=\"https:\/\/2019.torino.wordcamp.org\/tickets\/\">Puoi acquistare i biglietti qui<\/a>!<br \/>\nIl costo \u00e8 simbolico e ci aiuta a coprire parte delle spese. Tutta l\u2019organizzazione del WordCamp \u00e8 fatta da volontari e le spese sono coperte dai nostri amati sponsor!<\/p>\n","protected":false},"excerpt":{"rendered":"<p>COS\u2019\u00c8 WORDCAMP TORINO? WordCamp Torino \u00e8 un evento organizzato dalla community torinese di WordPress. L\u2019evento \u00e8 rivolto a tutti quelli\u00a0che, a qualsiasi livello, abbiano\u00a0un\u00a0interesse per WordPress: blogger, sviluppatori, web designer, aziende e professionisti del settore o semplici curiosi. Sarete tutti &hellip; <a href=\"https:\/\/torino.wordcamp.org\/2019\/\">Continua la lettura <span class=\"screen-reader-text\">WCTRN<\/span>  <span class=\"meta-nav\">&rarr;<\/span><\/a><\/p>\n","protected":false},"author":15210160,"featured_media":0,"parent":0,"menu_order":0,"comment_status":"closed","ping_status":"closed","template":"","meta":{"_crdt_document":"","jetpack_post_was_ever_published":false,"footnotes":""},"class_list":["post-315","page","type-page","status-publish","hentry"],"jetpack_sharing_enabled":true,"jetpack_shortlink":"https:\/\/wp.me\/PamRTJ-55","_links":{"self":[{"href":"https:\/\/torino.wordcamp.org\/2019\/wp-json\/wp\/v2\/pages\/315","targetHints":{"allow":["GET"]}}],"collection":[{"href":"https:\/\/torino.wordcamp.org\/2019\/wp-json\/wp\/v2\/pages"}],"about":[{"href":"https:\/\/torino.wordcamp.org\/2019\/wp-json\/wp\/v2\/types\/page"}],"author":[{"embeddable":true,"href":"https:\/\/torino.wordcamp.org\/2019\/wp-json\/wp\/v2\/users\/15210160"}],"replies":[{"embeddable":true,"href":"https:\/\/torino.wordcamp.org\/2019\/wp-json\/wp\/v2\/comments?post=315"}],"version-history":[{"count":9,"href":"https:\/\/torino.wordcamp.org\/2019\/wp-json\/wp\/v2\/pages\/315\/revisions"}],"predecessor-version":[{"id":1837,"href":"https:\/\/torino.wordcamp.org\/2019\/wp-json\/wp\/v2\/pages\/315\/revisions\/1837"}],"wp:attachment":[{"href":"https:\/\/torino.wordcamp.org\/2019\/wp-json\/wp\/v2\/media?parent=315"}],"curies":[{"name":"wp","href":"https:\/\/api.w.org\/{rel}","templated":true}]}}