{"id":13,"date":"2022-12-27T15:13:54","date_gmt":"2022-12-27T14:13:54","guid":{"rendered":"https:\/\/torino.wordcamp.org\/2023\/?page_id=13"},"modified":"2023-09-22T17:22:36","modified_gmt":"2023-09-22T15:22:36","slug":"tickets","status":"publish","type":"page","link":"https:\/\/torino.wordcamp.org\/2023\/tickets\/","title":{"rendered":"Tickets"},"content":{"rendered":"\n<p class=\"wp-block-paragraph\"><\/p>\n\n\n\n<header class=\"wp-block-group alignfull has-global-padding is-layout-constrained wp-block-group-is-layout-constrained\">\n<div class=\"wp-block-group alignfull is-layout-flow wp-block-group-is-layout-flow\" style=\"padding-top:0;padding-right:0;padding-bottom:0;padding-left:0\">\n<div class=\"wp-block-cover alignfull has-parallax wp-duotone-unset-3\" style=\"padding-top:0px;padding-right:0px;padding-bottom:0px;padding-left:0px;min-height:1vh;aspect-ratio:unset;\"><span aria-hidden=\"true\" class=\"wp-block-cover__background has-secondary-background-color has-background-dim-100 has-background-dim\"><\/span><div class=\"wp-block-cover__inner-container is-layout-flow wp-block-cover-is-layout-flow\">\n<div class=\"wp-block-group has-background-color has-text-color has-global-padding is-layout-constrained wp-block-group-is-layout-constrained\">\n<div class=\"wp-block-group alignwide has-global-padding is-layout-constrained wp-block-group-is-layout-constrained\" style=\"padding-top:var(--wp--preset--spacing--30);padding-bottom:var(--wp--preset--spacing--40)\">\n<div class=\"wp-block-group alignwide is-content-justification-space-between is-layout-flex wp-container-core-group-is-layout-e26e8ffa wp-block-group-is-layout-flex\" style=\"padding-top:var(--wp--preset--spacing--20);padding-bottom:var(--wp--preset--spacing--20)\">\n<div class=\"wp-block-group is-layout-flex wp-block-group-is-layout-flex\"><div class=\"is-style-rounded is-style-rounded--1 wp-block-site-logo\"><a href=\"https:\/\/torino.wordcamp.org\/2023\/\" class=\"custom-logo-link\" rel=\"home\"><img loading=\"lazy\" decoding=\"async\" width=\"260\" height=\"52\" src=\"https:\/\/torino.wordcamp.org\/2023\/files\/2022\/12\/Logo-orizzontale-600.jpg\" class=\"custom-logo\" alt=\"WordCamp Torino 2023\" srcset=\"https:\/\/torino.wordcamp.org\/2023\/files\/2022\/12\/Logo-orizzontale-600.jpg 600w, https:\/\/torino.wordcamp.org\/2023\/files\/2022\/12\/Logo-orizzontale-600-300x61.jpg 300w, https:\/\/torino.wordcamp.org\/2023\/files\/2022\/12\/Logo-orizzontale-600-500x102.jpg 500w\" sizes=\"auto, (max-width: 260px) 100vw, 260px\" \/><\/a><\/div><\/div>\n\n\n<nav class=\"has-text-color has-base-color is-responsive items-justified-right wp-block-navigation is-content-justification-right is-layout-flex wp-container-core-navigation-is-layout-de66bf79 wp-block-navigation-is-layout-flex\" aria-label=\"Main\" \n\t\t data-wp-interactive=\"core\/navigation\" data-wp-context='{\"overlayOpenedBy\":{\"click\":false,\"hover\":false,\"focus\":false},\"type\":\"overlay\",\"roleAttribute\":\"\",\"ariaLabel\":\"Menu\"}'><button aria-haspopup=\"dialog\" aria-label=\"Apri menu\" class=\"wp-block-navigation__responsive-container-open\" \n\t\t\t\tdata-wp-on--click=\"actions.openMenuOnClick\"\n\t\t\t\tdata-wp-on--keydown=\"actions.handleMenuKeydown\"\n\t\t\t><svg width=\"24\" height=\"24\" xmlns=\"http:\/\/www.w3.org\/2000\/svg\" viewBox=\"0 0 24 24\"><path d=\"M5 5v1.5h14V5H5z\"><\/path><path d=\"M5 12.8h14v-1.5H5v1.5z\"><\/path><path d=\"M5 19h14v-1.5H5V19z\"><\/path><\/svg><\/button>\n\t\t\t\t<div class=\"wp-block-navigation__responsive-container has-text-color has-base-color has-background has-secondary-background-color\"  id=\"modal-2\" \n\t\t\t\tdata-wp-class--has-modal-open=\"state.isMenuOpen\"\n\t\t\t\tdata-wp-class--is-menu-open=\"state.isMenuOpen\"\n\t\t\t\tdata-wp-watch=\"callbacks.initMenu\"\n\t\t\t\tdata-wp-on--keydown=\"actions.handleMenuKeydown\"\n\t\t\t\tdata-wp-on--focusout=\"actions.handleMenuFocusout\"\n\t\t\t\ttabindex=\"-1\"\n\t\t\t>\n\t\t\t\t\t<div class=\"wp-block-navigation__responsive-close\" tabindex=\"-1\">\n\t\t\t\t\t\t<div class=\"wp-block-navigation__responsive-dialog\" \n\t\t\t\tdata-wp-bind--aria-modal=\"state.ariaModal\"\n\t\t\t\tdata-wp-bind--aria-label=\"state.ariaLabel\"\n\t\t\t\tdata-wp-bind--role=\"state.roleAttribute\"\n\t\t\t>\n\t\t\t\t\t\t\t<button aria-label=\"Chiudi menu\" class=\"wp-block-navigation__responsive-container-close\" \n\t\t\t\tdata-wp-on--click=\"actions.closeMenuOnClick\"\n\t\t\t><svg xmlns=\"http:\/\/www.w3.org\/2000\/svg\" viewBox=\"0 0 24 24\" width=\"24\" height=\"24\" aria-hidden=\"true\" focusable=\"false\"><path d=\"m13.06 12 6.47-6.47-1.06-1.06L12 10.94 5.53 4.47 4.47 5.53 10.94 12l-6.47 6.47 1.06 1.06L12 13.06l6.47 6.47 1.06-1.06L13.06 12Z\"><\/path><\/svg><\/button>\n\t\t\t\t\t\t\t<div class=\"wp-block-navigation__responsive-container-content\" \n\t\t\t\tdata-wp-watch=\"callbacks.focusFirstElement\"\n\t\t\t id=\"modal-2-content\">\n\t\t\t\t\t\t\t\t<ul class=\"wp-block-navigation__container has-text-color has-base-color is-responsive items-justified-right wp-block-navigation\"><li class=\" wp-block-navigation-item wp-block-navigation-link\"><a class=\"wp-block-navigation-item__content\"  href=\"https:\/\/torino.wordcamp.org\/2023\"><span class=\"wp-block-navigation-item__label\">Home<\/span><\/a><\/li><li data-wp-context=\"{ &quot;submenuOpenedBy&quot;: { &quot;click&quot;: false, &quot;hover&quot;: false, &quot;focus&quot;: false }, &quot;type&quot;: &quot;submenu&quot;, &quot;modal&quot;: null, &quot;previousFocus&quot;: null }\" data-wp-interactive=\"core\/navigation\" data-wp-on--focusout=\"actions.handleMenuFocusout\" data-wp-on--keydown=\"actions.handleMenuKeydown\" data-wp-on--pointerenter=\"actions.openMenuOnHover\" data-wp-on--pointerleave=\"actions.closeMenuOnHover\" data-wp-watch=\"callbacks.initMenu\" tabindex=\"-1\" class=\"wp-block-navigation-item has-child open-on-hover-click wp-block-navigation-submenu\"><a class=\"wp-block-navigation-item__content\" href=\"https:\/\/torino.wordcamp.org\/2023\/programma\/\"><span class=\"wp-block-navigation-item__label\">Programma<\/span><\/a><button data-wp-bind--aria-expanded=\"state.isMenuOpen\" data-wp-on--click=\"actions.toggleMenuOnClick\" aria-label=\"Sottomenu di Programma\" class=\"wp-block-navigation__submenu-icon wp-block-navigation-submenu__toggle\" ><svg xmlns=\"http:\/\/www.w3.org\/2000\/svg\" width=\"12\" height=\"12\" viewBox=\"0 0 12 12\" fill=\"none\" aria-hidden=\"true\" focusable=\"false\"><path d=\"M1.50002 4L6.00002 8L10.5 4\" stroke-width=\"1.5\"><\/path><\/svg><\/button><ul data-wp-on--focus=\"actions.openMenuOnFocus\" class=\"wp-block-navigation__submenu-container has-text-color has-base-color has-background has-secondary-background-color wp-block-navigation-submenu\"><li class=\" wp-block-navigation-item wp-block-navigation-link\"><a class=\"wp-block-navigation-item__content\"  href=\"https:\/\/torino.wordcamp.org\/2023\/sessioni\/\"><span class=\"wp-block-navigation-item__label\">Sessioni<\/span><\/a><\/li><li class=\" wp-block-navigation-item wp-block-navigation-link\"><a class=\"wp-block-navigation-item__content\"  href=\"https:\/\/torino.wordcamp.org\/2023\/speakers\/\"><span class=\"wp-block-navigation-item__label\">Speaker<\/span><\/a><\/li><li class=\" wp-block-navigation-item wp-block-navigation-link\"><a class=\"wp-block-navigation-item__content\"  href=\"https:\/\/torino.wordcamp.org\/2023\/tutto-cio-che-devi-sapere-per-partecipare-al-contributor-day\/\"><span class=\"wp-block-navigation-item__label\">Il Contributor Day<\/span><\/a><\/li><\/ul><\/li><li data-wp-context=\"{ &quot;submenuOpenedBy&quot;: { &quot;click&quot;: false, &quot;hover&quot;: false, &quot;focus&quot;: false }, &quot;type&quot;: &quot;submenu&quot;, &quot;modal&quot;: null, &quot;previousFocus&quot;: null }\" data-wp-interactive=\"core\/navigation\" data-wp-on--focusout=\"actions.handleMenuFocusout\" data-wp-on--keydown=\"actions.handleMenuKeydown\" data-wp-on--pointerenter=\"actions.openMenuOnHover\" data-wp-on--pointerleave=\"actions.closeMenuOnHover\" data-wp-watch=\"callbacks.initMenu\" tabindex=\"-1\" class=\"wp-block-navigation-item has-child open-on-hover-click wp-block-navigation-submenu\"><a class=\"wp-block-navigation-item__content\" href=\"https:\/\/torino.wordcamp.org\/2023\/livestream\/\"><span class=\"wp-block-navigation-item__label\">Livestream<\/span><\/a><button data-wp-bind--aria-expanded=\"state.isMenuOpen\" data-wp-on--click=\"actions.toggleMenuOnClick\" aria-label=\"Sottomenu di Livestream\" class=\"wp-block-navigation__submenu-icon wp-block-navigation-submenu__toggle\" ><svg xmlns=\"http:\/\/www.w3.org\/2000\/svg\" width=\"12\" height=\"12\" viewBox=\"0 0 12 12\" fill=\"none\" aria-hidden=\"true\" focusable=\"false\"><path d=\"M1.50002 4L6.00002 8L10.5 4\" stroke-width=\"1.5\"><\/path><\/svg><\/button><ul data-wp-on--focus=\"actions.openMenuOnFocus\" class=\"wp-block-navigation__submenu-container has-text-color has-base-color has-background has-secondary-background-color wp-block-navigation-submenu\"><li class=\" wp-block-navigation-item wp-block-navigation-link\"><a class=\"wp-block-navigation-item__content\"  href=\"https:\/\/torino.wordcamp.org\/2023\/livestream\/traccia-1\/\"><span class=\"wp-block-navigation-item__label\">Traccia 1<\/span><\/a><\/li><li class=\" wp-block-navigation-item wp-block-navigation-link\"><a class=\"wp-block-navigation-item__content\"  href=\"https:\/\/torino.wordcamp.org\/2023\/livestream\/traccia-2\/\"><span class=\"wp-block-navigation-item__label\">Traccia 2<\/span><\/a><\/li><\/ul><\/li><li class=\" wp-block-navigation-item wp-block-navigation-link\"><a class=\"wp-block-navigation-item__content\"  href=\"https:\/\/torino.wordcamp.org\/2023\/tickets\/\"><span class=\"wp-block-navigation-item__label\">Biglietti<\/span><\/a><\/li><li class=\" wp-block-navigation-item wp-block-navigation-link\"><a class=\"wp-block-navigation-item__content\"  href=\"https:\/\/torino.wordcamp.org\/2023\/sponsors\/\"><span class=\"wp-block-navigation-item__label\">Sponsor<\/span><\/a><\/li><li class=\" wp-block-navigation-item wp-block-navigation-link\"><a class=\"wp-block-navigation-item__content\"  href=\"https:\/\/torino.wordcamp.org\/2023\/news\/\"><span class=\"wp-block-navigation-item__label\">News<\/span><\/a><\/li><li data-wp-context=\"{ &quot;submenuOpenedBy&quot;: { &quot;click&quot;: false, &quot;hover&quot;: false, &quot;focus&quot;: false }, &quot;type&quot;: &quot;submenu&quot;, &quot;modal&quot;: null, &quot;previousFocus&quot;: null }\" data-wp-interactive=\"core\/navigation\" data-wp-on--focusout=\"actions.handleMenuFocusout\" data-wp-on--keydown=\"actions.handleMenuKeydown\" data-wp-on--pointerenter=\"actions.openMenuOnHover\" data-wp-on--pointerleave=\"actions.closeMenuOnHover\" data-wp-watch=\"callbacks.initMenu\" tabindex=\"-1\" class=\"wp-block-navigation-item has-child open-on-hover-click wp-block-navigation-submenu\"><a class=\"wp-block-navigation-item__content\"><span class=\"wp-block-navigation-item__label\">Info<\/span><\/a><button data-wp-bind--aria-expanded=\"state.isMenuOpen\" data-wp-on--click=\"actions.toggleMenuOnClick\" aria-label=\"Sottomenu di Info\" class=\"wp-block-navigation__submenu-icon wp-block-navigation-submenu__toggle\" ><svg xmlns=\"http:\/\/www.w3.org\/2000\/svg\" width=\"12\" height=\"12\" viewBox=\"0 0 12 12\" fill=\"none\" aria-hidden=\"true\" focusable=\"false\"><path d=\"M1.50002 4L6.00002 8L10.5 4\" stroke-width=\"1.5\"><\/path><\/svg><\/button><ul data-wp-on--focus=\"actions.openMenuOnFocus\" class=\"wp-block-navigation__submenu-container has-text-color has-base-color has-background has-secondary-background-color wp-block-navigation-submenu\"><li class=\" wp-block-navigation-item wp-block-navigation-link\"><a class=\"wp-block-navigation-item__content\"  href=\"https:\/\/torino.wordcamp.org\/2023\/location\/\"><span class=\"wp-block-navigation-item__label\">Dove<\/span><\/a><\/li><li class=\" wp-block-navigation-item wp-block-navigation-link\"><a class=\"wp-block-navigation-item__content\"  href=\"https:\/\/torino.wordcamp.org\/2023\/organizzazione\/\"><span class=\"wp-block-navigation-item__label\">Organizzazione<\/span><\/a><\/li><li class=\" wp-block-navigation-item wp-block-navigation-link\"><a class=\"wp-block-navigation-item__content\"  href=\"https:\/\/torino.wordcamp.org\/2023\/codice-di-condotta\/\"><span class=\"wp-block-navigation-item__label\">Codice di Condotta<\/span><\/a><\/li><li class=\" wp-block-navigation-item wp-block-navigation-link\"><a class=\"wp-block-navigation-item__content\"  href=\"https:\/\/torino.wordcamp.org\/2023\/wordcamp-e\/\"><span class=\"wp-block-navigation-item__label\">WordCamp \u00e8\u2026<\/span><\/a><\/li><li class=\" wp-block-navigation-item wp-block-navigation-link\"><a class=\"wp-block-navigation-item__content\"  href=\"https:\/\/torino.wordcamp.org\/2023\/il-contributor-day\/\"><span class=\"wp-block-navigation-item__label\">Contributor Day<\/span><\/a><\/li><li class=\" wp-block-navigation-item wp-block-navigation-link\"><a class=\"wp-block-navigation-item__content\"  href=\"https:\/\/torino.wordcamp.org\/2023\/partecipanti\/\"><span class=\"wp-block-navigation-item__label\">Partecipanti<\/span><\/a><\/li><li class=\" wp-block-navigation-item wp-block-navigation-link\"><a class=\"wp-block-navigation-item__content\"  href=\"https:\/\/torino.wordcamp.org\/2023\/covid-19-linee-guida\/\"><span class=\"wp-block-navigation-item__label\">Covid-19<\/span><\/a><\/li><li class=\" wp-block-navigation-item wp-block-navigation-link\"><a class=\"wp-block-navigation-item__content\"  href=\"https:\/\/torino.wordcamp.org\/2023\/contatti\/\"><span class=\"wp-block-navigation-item__label\">Contattaci<\/span><\/a><\/li><\/ul><\/li><li class=\" wp-block-navigation-item wp-block-navigation-link\"><a class=\"wp-block-navigation-item__content\"  href=\"#\"><span class=\"wp-block-navigation-item__label\">|<\/span><\/a><\/li><li class=\" wp-block-navigation-item wp-block-navigation-link\"><a class=\"wp-block-navigation-item__content\"  href=\"https:\/\/torino.wordcamp.org\/2023\/en\"><span class=\"wp-block-navigation-item__label\">EN<\/span><\/a><\/li><\/ul>\n\t\t\t\t\t\t\t\t\n\t\t\t\t\t\t\t<\/div>\n\t\t\t\t\t\t<\/div>\n\t\t\t\t\t<\/div>\n\t\t\t\t<\/div><\/nav><\/div>\n<\/div>\n<\/div>\n<\/div><\/div>\n<\/div>\n<\/header>\n\n\n\n<div class=\"wp-block-group is-layout-flow wp-block-group-is-layout-flow\">\n<div class=\"wp-block-group alignwide has-global-padding is-layout-constrained wp-block-group-is-layout-constrained\"><h2 style=\"font-style:normal;font-weight:700; margin-top:var(--wp--preset--spacing--50);margin-bottom:var(--wp--preset--spacing--40);\" class=\"has-text-align-center wp-block-post-title\">Tickets<\/h2><\/div>\n<\/div>\n\n\n\n<div class=\"wp-block-group alignwide is-layout-flow wp-block-group-is-layout-flow\">\n<div class=\"wp-block-columns is-layout-flex wp-container-core-columns-is-layout-f56f613f wp-block-columns-is-layout-flex\">\n<div class=\"wp-block-column is-layout-flow wp-block-column-is-layout-flow\" style=\"flex-basis:66.66%\">\n<p class=\"wp-block-paragraph\">I biglietti per il <strong>WordCamp Torino 2023 che si terr\u00e0 i giorni 14 e 15 aprile 2023<\/strong> sono in vendita. <a href=\"#tix\" data-type=\"internal\" data-id=\"#tix\">Prenota subito il tuo posto<\/a>!<\/p>\n\n\n\n<p class=\"wp-block-paragraph\">L&#8217;acquisto del biglietto ti dar\u00e0 diritto a:<\/p>\n\n\n\n<ul class=\"wp-block-list\">\n<li>accesso alla Conferenza di sabato 15 aprile<\/li>\n\n\n\n<li>accesso al <a href=\"https:\/\/torino.wordcamp.org\/2023\/il-contributor-day\/\" data-type=\"URL\" data-id=\"https:\/\/torino.wordcamp.org\/2023\/il-contributor-day\/\">Contributor Day<\/a> di venerd\u00ec 14 aprile<\/li>\n\n\n\n<li>pranzo e coffee-break in entrambe le giornate<\/li>\n\n\n\n<li>opportunit\u00e0 di fare networking con gli altri partecipanti, incontrare gli Sponsor e i relatori dei talk<\/li>\n\n\n\n<li>ricevere la t-shirt dell\u2019evento e i gadget degli Sponsor<\/li>\n\n\n\n<li>partecipare alla fantastica festa dell\u2019After Party nella serata di sabato<\/li>\n<\/ul>\n\n\n\n<p class=\"wp-block-paragraph\">Se decidi di partecipare al Contributor Day di Venerd\u00ec 14 aprile, <strong>ricordati di acquistare anche lo speciale biglietto<\/strong> (gratuito).<br>La partecipazione a questa giornata \u00e8 gratuita ma <strong>\u00e8 riservata solo a chi acquista anche il biglietto alla Conferenza<\/strong>.<br>Purtoppo i posti per il Contributor Day sono limitati: per favore acquista il biglietto solo se realmente verrai, altrimenti lascia che altri abbiano la possibilit\u00e0 di partecipare. Se in qualsiasi momento cambi idea (lo hai acquistato ma non puoi pi\u00f9 venire \/ i biglietti sono finiti ma vorresti venire) per favore segnalacelo tramite la nostra pagina di <a href=\"https:\/\/torino.wordcamp.org\/2023\/contatti\/\" data-type=\"page\" data-id=\"17\">contatto<\/a>.<\/p>\n\n\n\n<p class=\"has-tertiary-background-color has-background wp-block-paragraph\">Dopo l\u2019acquisto del biglietto, <strong>riceverai una mail di conferma del pagamento. Non hai bisogno di un biglietto per entrare<\/strong>, \u00e8 sufficiente che ti presenti alla registrazione nei giorni dell\u2019evento e riceverai il badge.<br>Per noi \u00e8 importante organizzare un evento con un ambiente amichevole, sicuro ed accogliente, accessibile, rispettoso di tutti e protetto. Per questo adottiamo un <a href=\"https:\/\/torino.wordcamp.org\/2023\/codice-di-condotta\/\" data-type=\"page\" data-id=\"505\">Codice di condotta<\/a>. Per cortesia, <a href=\"https:\/\/torino.wordcamp.org\/2023\/codice-di-condotta\/\" data-type=\"page\" data-id=\"505\">leggilo<\/a> prima di comprare il biglietto, perch\u00e9 chiederemo a tutti i partecipanti di rispettarlo!<\/p>\n\n\n<a href=\"https:\/\/torino.wordcamp.org\/2023\/tickets\/\">Please view this page in a browser to purchase or manage tickets.<\/a>\n<\/div>\n\n\n\n<div class=\"wp-block-column is-layout-flow wp-block-column-is-layout-flow\" style=\"flex-basis:33.33%\">\n<aside class=\"wp-block-group has-global-padding is-layout-constrained wp-block-group-is-layout-constrained\"><form role=\"search\" method=\"get\" action=\"https:\/\/torino.wordcamp.org\/2023\/\" class=\"wp-block-search__button-outside wp-block-search__text-button wp-block-search\"    ><label class=\"wp-block-search__label\" for=\"wp-block-search__input-4\" >Cerca<\/label><div class=\"wp-block-search__inside-wrapper\" ><input class=\"wp-block-search__input\" id=\"wp-block-search__input-4\" placeholder=\"\" value=\"\" type=\"search\" name=\"s\" required \/><button aria-label=\"Cerca\" class=\"wp-block-search__button wp-element-button\" type=\"submit\" >Cerca<\/button><\/div><\/form>\n\n\n<div style=\"height:30px\" aria-hidden=\"true\" class=\"wp-block-spacer\"><\/div>\n\n\n\n<div class=\"wp-block-group has-global-padding is-layout-constrained wp-block-group-is-layout-constrained\">\n<h3 class=\"wp-block-heading\">Quando<\/h3>\n\n\n\n<ul class=\"wp-block-list\">\n<li><strong>venerd\u00ec 14 aprile<\/strong>: Contributor Day<\/li>\n\n\n\n<li><strong>sabato 15 aprile<\/strong>: Conferenza<\/li>\n<\/ul>\n<\/div>\n\n\n\n<div style=\"height:30px\" aria-hidden=\"true\" class=\"wp-block-spacer\"><\/div>\n\n\n\n<div class=\"wp-block-group has-global-padding is-layout-constrained wp-block-group-is-layout-constrained\">\n<h3 class=\"wp-block-heading\">Location<\/h3>\n\n\n\n<p class=\"wp-block-paragraph\"><a rel=\"noreferrer noopener\" href=\"https:\/\/maps.google.com\/maps?z=16&amp;q=via%2Bagostino%2Bda%2Bmontefeltro%2B2%2B10134%2Btorino\" target=\"_blank\">Via Agostino da Montefeltro 2 10134 Torino<\/a><\/p>\n<\/div>\n\n\n\n<div style=\"height:30px\" aria-hidden=\"true\" class=\"wp-block-spacer\"><\/div>\n\n\n\n<div class=\"wp-block-group has-global-padding is-layout-constrained wp-block-group-is-layout-constrained\">\n<figure class=\"wp-block-image size-large\"><a href=\"https:\/\/torino.wordcamp.org\/2023\/sponsors\/\"><img loading=\"lazy\" decoding=\"async\" width=\"1024\" height=\"823\" src=\"https:\/\/torino.wordcamp.org\/2023\/files\/2023\/03\/WCTRN_Sponsors-1024x823.png\" alt=\"\" class=\"wp-image-5252\" srcset=\"https:\/\/torino.wordcamp.org\/2023\/files\/2023\/03\/WCTRN_Sponsors-1024x823.png 1024w, https:\/\/torino.wordcamp.org\/2023\/files\/2023\/03\/WCTRN_Sponsors-300x241.png 300w, https:\/\/torino.wordcamp.org\/2023\/files\/2023\/03\/WCTRN_Sponsors-768x617.png 768w, https:\/\/torino.wordcamp.org\/2023\/files\/2023\/03\/WCTRN_Sponsors-373x300.png 373w, https:\/\/torino.wordcamp.org\/2023\/files\/2023\/03\/WCTRN_Sponsors.png 1200w\" sizes=\"auto, (max-width: 1024px) 100vw, 1024px\" \/><\/a><\/figure>\n\n\n\n<h3 class=\"wp-block-heading\">Semplificati la vita!<\/h3>\n\n\n\n<p class=\"wp-block-paragraph\">Lascia il tuo indirizzo mail qui sotto per ricevere gli aggiornamenti dal sito: ricevi&nbsp;le notizie relative a sponsor, speaker, volontari\u01dd, alla vendita dei biglietti&nbsp;e tutte le info che possono esserti utili.<\/p>\n\n\n<div class=\"wp-block-jetpack-subscriptions__supports-newline wp-block-jetpack-subscriptions\">\n\t\t<div>\n\t\t\t<div>\n\t\t\t\t<div>\n\t\t\t\t\t<p >\n\t\t\t\t\t\t<a href=\"https:\/\/torino.wordcamp.org\/2023\/?post_type=page&#038;p=13\" style=\"font-size: 16px;padding: 15px 23px 15px 23px;margin: 0; margin-left: 10px;border-radius: 0px;border-width: 1px; text-decoration: none; white-space: nowrap; margin-left: 0\">Iscriviti<\/a>\n\t\t\t\t\t<\/p>\n\t\t\t\t<\/div>\n\t\t\t<\/div>\n\t\t<\/div>\n\t<\/div><\/div>\n\n\n\n<div style=\"height:30px\" aria-hidden=\"true\" class=\"wp-block-spacer\"><\/div>\n\n\n\n<div class=\"wp-block-group has-global-padding is-layout-constrained wp-block-group-is-layout-constrained\">\n<h3 class=\"wp-block-heading\">Tutti gli articoli<\/h3>\n\n\n\n<div class=\"wp-block-query is-layout-flow wp-block-query-is-layout-flow\"><ul class=\"wp-block-post-template is-layout-flow wp-block-post-template-is-layout-flow\"><li class=\"wp-block-post post-8263 post type-post status-publish format-standard hentry category-news\">\n<h5 class=\"wp-block-post-title\"><a href=\"https:\/\/torino.wordcamp.org\/2023\/wordcamp-torino-2025-call-for-organizer\/\" target=\"_self\" >WORDCAMP TORINO 2026: Parte l&#8217;organizzazione. Sarai dei nostri?<\/a><\/h5>\n<\/li><li class=\"wp-block-post post-5987 post type-post status-publish format-standard hentry category-news\">\n<h5 class=\"wp-block-post-title\"><a href=\"https:\/\/torino.wordcamp.org\/2023\/scelte-sostenibili-per-un-futuro-piu-verde\/\" target=\"_self\" >Scelte sostenibili, per un futuro pi\u00f9 verde<\/a><\/h5>\n<\/li><li class=\"wp-block-post post-5981 post type-post status-publish format-standard hentry category-news\">\n<h5 class=\"wp-block-post-title\"><a href=\"https:\/\/torino.wordcamp.org\/2023\/torino-e\/\" target=\"_self\" >Torino \u00e8&#8230;<\/a><\/h5>\n<\/li><li class=\"wp-block-post post-5647 post type-post status-publish format-standard hentry category-news\">\n<h5 class=\"wp-block-post-title\"><a href=\"https:\/\/torino.wordcamp.org\/2023\/nessuno-sponsor-e-troppo-piccolo-grazie-ai-nostri-sponsor-copper\/\" target=\"_self\" >Nessuno sponsor \u00e8 troppo piccolo: grazie ai nostri sponsor copper!<\/a><\/h5>\n<\/li><li class=\"wp-block-post post-5985 post type-post status-publish format-standard hentry category-news\">\n<h5 class=\"wp-block-post-title\"><a href=\"https:\/\/torino.wordcamp.org\/2023\/e-festa-sia-ovvero-tutto-quello-che-devi-sapere-sullafterparty\/\" target=\"_self\" >E festa sia! (ovvero, tutto quello che devi sapere sull&#8217;afterparty)<\/a><\/h5>\n<\/li><li class=\"wp-block-post post-5820 post type-post status-publish format-standard hentry category-news\">\n<h5 class=\"wp-block-post-title\"><a href=\"https:\/\/torino.wordcamp.org\/2023\/per-vivere-lesperienza-del-wctrn-al-massimo\/\" target=\"_self\" >Per vivere l&#8217;esperienza del WCTRN al massimo<\/a><\/h5>\n<\/li><li class=\"wp-block-post post-5983 post type-post status-publish format-standard hentry category-news\">\n<h5 class=\"wp-block-post-title\"><a href=\"https:\/\/torino.wordcamp.org\/2023\/il-cuore-solidale-del-wordcamp-torino\/\" target=\"_self\" >Il cuore solidale del WordCamp Torino<\/a><\/h5>\n<\/li><li class=\"wp-block-post post-877 post type-post status-publish format-standard hentry category-news\">\n<h5 class=\"wp-block-post-title\"><a href=\"https:\/\/torino.wordcamp.org\/2023\/perche-il-sito-del-wordcamp-torino-e-realizzato-in-full-site-editing-fse\/\" target=\"_self\" >Perch\u00e9 il sito del WordCamp Torino \u00e8 realizzato in Full Site Editing (FSE)<\/a><\/h5>\n<\/li><li class=\"wp-block-post post-5961 post type-post status-publish format-standard hentry category-news\">\n<h5 class=\"wp-block-post-title\"><a href=\"https:\/\/torino.wordcamp.org\/2023\/un-supporto-prezioso-grazie-ai-nostri-sponsor-bronze\/\" target=\"_self\" >Un supporto prezioso: grazie ai nostri sponsor bronze.<\/a><\/h5>\n<\/li><li class=\"wp-block-post post-5968 post type-post status-publish format-standard hentry category-news\">\n<h5 class=\"wp-block-post-title\"><a href=\"https:\/\/torino.wordcamp.org\/2023\/benvenuta-wacometta\/\" target=\"_self\" >Benvenuta Wacometta!<\/a><\/h5>\n<\/li><\/ul><\/div>\n<\/div>\n<\/aside>\n<\/div>\n<\/div>\n<\/div>\n","protected":false},"excerpt":{"rendered":"<p>I biglietti per il WordCamp Torino 2023 che si terr\u00e0 i giorni 14 e 15 aprile 2023 sono in vendita. Prenota subito il tuo posto! L&#8217;acquisto del biglietto ti dar\u00e0 diritto a: Se decidi di partecipare al Contributor Day di Venerd\u00ec 14 aprile, ricordati di acquistare anche lo speciale biglietto (gratuito).La partecipazione a questa giornata [&hellip;]<\/p>\n","protected":false},"author":15311714,"featured_media":0,"parent":0,"menu_order":0,"comment_status":"closed","ping_status":"closed","template":"","meta":{"_crdt_document":"","jetpack_post_was_ever_published":false,"footnotes":""},"class_list":["post-13","page","type-page","status-publish","hentry"],"jetpack_sharing_enabled":true,"_links":{"self":[{"href":"https:\/\/torino.wordcamp.org\/2023\/wp-json\/wp\/v2\/pages\/13","targetHints":{"allow":["GET"]}}],"collection":[{"href":"https:\/\/torino.wordcamp.org\/2023\/wp-json\/wp\/v2\/pages"}],"about":[{"href":"https:\/\/torino.wordcamp.org\/2023\/wp-json\/wp\/v2\/types\/page"}],"author":[{"embeddable":true,"href":"https:\/\/torino.wordcamp.org\/2023\/wp-json\/wp\/v2\/users\/15311714"}],"replies":[{"embeddable":true,"href":"https:\/\/torino.wordcamp.org\/2023\/wp-json\/wp\/v2\/comments?post=13"}],"version-history":[{"count":6,"href":"https:\/\/torino.wordcamp.org\/2023\/wp-json\/wp\/v2\/pages\/13\/revisions"}],"predecessor-version":[{"id":6286,"href":"https:\/\/torino.wordcamp.org\/2023\/wp-json\/wp\/v2\/pages\/13\/revisions\/6286"}],"wp:attachment":[{"href":"https:\/\/torino.wordcamp.org\/2023\/wp-json\/wp\/v2\/media?parent=13"}],"curies":[{"name":"wp","href":"https:\/\/api.w.org\/{rel}","templated":true}]}}