{"id":967,"date":"2023-01-13T15:34:15","date_gmt":"2023-01-13T14:34:15","guid":{"rendered":"https:\/\/torino.wordcamp.org\/2023\/?page_id=967"},"modified":"2023-01-13T16:01:14","modified_gmt":"2023-01-13T15:01:14","slug":"wordcamp-e","status":"publish","type":"page","link":"https:\/\/torino.wordcamp.org\/2023\/wordcamp-e\/","title":{"rendered":"WordCamp \u00e8&#8230;"},"content":{"rendered":"\n<p class=\"wp-block-paragraph\"><\/p>\n\n\n\n<header class=\"wp-block-group alignfull has-global-padding is-layout-constrained wp-block-group-is-layout-constrained\">\n<div class=\"wp-block-group alignfull is-layout-flow wp-block-group-is-layout-flow\" style=\"padding-top:0;padding-right:0;padding-bottom:0;padding-left:0\">\n<div class=\"wp-block-cover alignfull has-parallax wp-duotone-unset-3\" style=\"padding-top:0px;padding-right:0px;padding-bottom:0px;padding-left:0px;min-height:1vh;aspect-ratio:unset;\"><span aria-hidden=\"true\" class=\"wp-block-cover__background has-secondary-background-color has-background-dim-100 has-background-dim\"><\/span><div class=\"wp-block-cover__inner-container is-layout-flow wp-block-cover-is-layout-flow\">\n<div class=\"wp-block-group has-background-color has-text-color has-global-padding is-layout-constrained wp-block-group-is-layout-constrained\">\n<div class=\"wp-block-group alignwide has-global-padding is-layout-constrained wp-block-group-is-layout-constrained\" style=\"padding-top:var(--wp--preset--spacing--30);padding-bottom:var(--wp--preset--spacing--40)\">\n<div class=\"wp-block-group alignwide is-content-justification-space-between is-layout-flex wp-container-core-group-is-layout-e26e8ffa wp-block-group-is-layout-flex\" style=\"padding-top:var(--wp--preset--spacing--20);padding-bottom:var(--wp--preset--spacing--20)\">\n<div class=\"wp-block-group is-layout-flex wp-block-group-is-layout-flex\"><div class=\"is-style-rounded is-style-rounded--1 wp-block-site-logo\"><a href=\"https:\/\/torino.wordcamp.org\/2023\/\" class=\"custom-logo-link\" rel=\"home\"><img loading=\"lazy\" decoding=\"async\" width=\"260\" height=\"52\" src=\"https:\/\/torino.wordcamp.org\/2023\/files\/2022\/12\/Logo-orizzontale-600.jpg\" class=\"custom-logo\" alt=\"WordCamp Torino 2023\" srcset=\"https:\/\/torino.wordcamp.org\/2023\/files\/2022\/12\/Logo-orizzontale-600.jpg 600w, https:\/\/torino.wordcamp.org\/2023\/files\/2022\/12\/Logo-orizzontale-600-300x61.jpg 300w, https:\/\/torino.wordcamp.org\/2023\/files\/2022\/12\/Logo-orizzontale-600-500x102.jpg 500w\" sizes=\"auto, (max-width: 260px) 100vw, 260px\" \/><\/a><\/div><\/div>\n\n\n<nav class=\"has-text-color has-base-color is-responsive items-justified-right wp-block-navigation is-content-justification-right is-layout-flex wp-container-core-navigation-is-layout-de66bf79 wp-block-navigation-is-layout-flex\" aria-label=\"Main\" \n\t\t data-wp-interactive=\"core\/navigation\" data-wp-context='{\"overlayOpenedBy\":{\"click\":false,\"hover\":false,\"focus\":false},\"type\":\"overlay\",\"roleAttribute\":\"\",\"ariaLabel\":\"Menu\"}'><button aria-haspopup=\"dialog\" aria-label=\"Apri menu\" class=\"wp-block-navigation__responsive-container-open\" \n\t\t\t\tdata-wp-on--click=\"actions.openMenuOnClick\"\n\t\t\t\tdata-wp-on--keydown=\"actions.handleMenuKeydown\"\n\t\t\t><svg width=\"24\" height=\"24\" xmlns=\"http:\/\/www.w3.org\/2000\/svg\" viewBox=\"0 0 24 24\"><path d=\"M5 5v1.5h14V5H5z\"><\/path><path d=\"M5 12.8h14v-1.5H5v1.5z\"><\/path><path d=\"M5 19h14v-1.5H5V19z\"><\/path><\/svg><\/button>\n\t\t\t\t<div class=\"wp-block-navigation__responsive-container has-text-color has-base-color has-background has-secondary-background-color\"  id=\"modal-2\" \n\t\t\t\tdata-wp-class--has-modal-open=\"state.isMenuOpen\"\n\t\t\t\tdata-wp-class--is-menu-open=\"state.isMenuOpen\"\n\t\t\t\tdata-wp-watch=\"callbacks.initMenu\"\n\t\t\t\tdata-wp-on--keydown=\"actions.handleMenuKeydown\"\n\t\t\t\tdata-wp-on--focusout=\"actions.handleMenuFocusout\"\n\t\t\t\ttabindex=\"-1\"\n\t\t\t>\n\t\t\t\t\t<div class=\"wp-block-navigation__responsive-close\" tabindex=\"-1\">\n\t\t\t\t\t\t<div class=\"wp-block-navigation__responsive-dialog\" \n\t\t\t\tdata-wp-bind--aria-modal=\"state.ariaModal\"\n\t\t\t\tdata-wp-bind--aria-label=\"state.ariaLabel\"\n\t\t\t\tdata-wp-bind--role=\"state.roleAttribute\"\n\t\t\t>\n\t\t\t\t\t\t\t<button aria-label=\"Chiudi menu\" class=\"wp-block-navigation__responsive-container-close\" \n\t\t\t\tdata-wp-on--click=\"actions.closeMenuOnClick\"\n\t\t\t><svg xmlns=\"http:\/\/www.w3.org\/2000\/svg\" viewBox=\"0 0 24 24\" width=\"24\" height=\"24\" aria-hidden=\"true\" focusable=\"false\"><path d=\"m13.06 12 6.47-6.47-1.06-1.06L12 10.94 5.53 4.47 4.47 5.53 10.94 12l-6.47 6.47 1.06 1.06L12 13.06l6.47 6.47 1.06-1.06L13.06 12Z\"><\/path><\/svg><\/button>\n\t\t\t\t\t\t\t<div class=\"wp-block-navigation__responsive-container-content\" \n\t\t\t\tdata-wp-watch=\"callbacks.focusFirstElement\"\n\t\t\t id=\"modal-2-content\">\n\t\t\t\t\t\t\t\t<ul class=\"wp-block-navigation__container has-text-color has-base-color is-responsive items-justified-right wp-block-navigation\"><li class=\" wp-block-navigation-item wp-block-navigation-link\"><a class=\"wp-block-navigation-item__content\"  href=\"https:\/\/torino.wordcamp.org\/2023\"><span class=\"wp-block-navigation-item__label\">Home<\/span><\/a><\/li><li data-wp-context=\"{ &quot;submenuOpenedBy&quot;: { &quot;click&quot;: false, &quot;hover&quot;: false, &quot;focus&quot;: false }, &quot;type&quot;: &quot;submenu&quot;, &quot;modal&quot;: null, &quot;previousFocus&quot;: null }\" data-wp-interactive=\"core\/navigation\" data-wp-on--focusout=\"actions.handleMenuFocusout\" data-wp-on--keydown=\"actions.handleMenuKeydown\" data-wp-on--pointerenter=\"actions.openMenuOnHover\" data-wp-on--pointerleave=\"actions.closeMenuOnHover\" data-wp-watch=\"callbacks.initMenu\" tabindex=\"-1\" class=\"wp-block-navigation-item has-child open-on-hover-click wp-block-navigation-submenu\"><a class=\"wp-block-navigation-item__content\" href=\"https:\/\/torino.wordcamp.org\/2023\/programma\/\"><span class=\"wp-block-navigation-item__label\">Programma<\/span><\/a><button data-wp-bind--aria-expanded=\"state.isMenuOpen\" data-wp-on--click=\"actions.toggleMenuOnClick\" aria-label=\"Sottomenu di Programma\" class=\"wp-block-navigation__submenu-icon wp-block-navigation-submenu__toggle\" ><svg xmlns=\"http:\/\/www.w3.org\/2000\/svg\" width=\"12\" height=\"12\" viewBox=\"0 0 12 12\" fill=\"none\" aria-hidden=\"true\" focusable=\"false\"><path d=\"M1.50002 4L6.00002 8L10.5 4\" stroke-width=\"1.5\"><\/path><\/svg><\/button><ul data-wp-on--focus=\"actions.openMenuOnFocus\" class=\"wp-block-navigation__submenu-container has-text-color has-base-color has-background has-secondary-background-color wp-block-navigation-submenu\"><li class=\" wp-block-navigation-item wp-block-navigation-link\"><a class=\"wp-block-navigation-item__content\"  href=\"https:\/\/torino.wordcamp.org\/2023\/sessioni\/\"><span class=\"wp-block-navigation-item__label\">Sessioni<\/span><\/a><\/li><li class=\" wp-block-navigation-item wp-block-navigation-link\"><a class=\"wp-block-navigation-item__content\"  href=\"https:\/\/torino.wordcamp.org\/2023\/speakers\/\"><span class=\"wp-block-navigation-item__label\">Speaker<\/span><\/a><\/li><li class=\" wp-block-navigation-item wp-block-navigation-link\"><a class=\"wp-block-navigation-item__content\"  href=\"https:\/\/torino.wordcamp.org\/2023\/tutto-cio-che-devi-sapere-per-partecipare-al-contributor-day\/\"><span class=\"wp-block-navigation-item__label\">Il Contributor Day<\/span><\/a><\/li><\/ul><\/li><li data-wp-context=\"{ &quot;submenuOpenedBy&quot;: { &quot;click&quot;: false, &quot;hover&quot;: false, &quot;focus&quot;: false }, &quot;type&quot;: &quot;submenu&quot;, &quot;modal&quot;: null, &quot;previousFocus&quot;: null }\" data-wp-interactive=\"core\/navigation\" data-wp-on--focusout=\"actions.handleMenuFocusout\" data-wp-on--keydown=\"actions.handleMenuKeydown\" data-wp-on--pointerenter=\"actions.openMenuOnHover\" data-wp-on--pointerleave=\"actions.closeMenuOnHover\" data-wp-watch=\"callbacks.initMenu\" tabindex=\"-1\" class=\"wp-block-navigation-item has-child open-on-hover-click wp-block-navigation-submenu\"><a class=\"wp-block-navigation-item__content\" href=\"https:\/\/torino.wordcamp.org\/2023\/livestream\/\"><span class=\"wp-block-navigation-item__label\">Livestream<\/span><\/a><button data-wp-bind--aria-expanded=\"state.isMenuOpen\" data-wp-on--click=\"actions.toggleMenuOnClick\" aria-label=\"Sottomenu di Livestream\" class=\"wp-block-navigation__submenu-icon wp-block-navigation-submenu__toggle\" ><svg xmlns=\"http:\/\/www.w3.org\/2000\/svg\" width=\"12\" height=\"12\" viewBox=\"0 0 12 12\" fill=\"none\" aria-hidden=\"true\" focusable=\"false\"><path d=\"M1.50002 4L6.00002 8L10.5 4\" stroke-width=\"1.5\"><\/path><\/svg><\/button><ul data-wp-on--focus=\"actions.openMenuOnFocus\" class=\"wp-block-navigation__submenu-container has-text-color has-base-color has-background has-secondary-background-color wp-block-navigation-submenu\"><li class=\" wp-block-navigation-item wp-block-navigation-link\"><a class=\"wp-block-navigation-item__content\"  href=\"https:\/\/torino.wordcamp.org\/2023\/livestream\/traccia-1\/\"><span class=\"wp-block-navigation-item__label\">Traccia 1<\/span><\/a><\/li><li class=\" wp-block-navigation-item wp-block-navigation-link\"><a class=\"wp-block-navigation-item__content\"  href=\"https:\/\/torino.wordcamp.org\/2023\/livestream\/traccia-2\/\"><span class=\"wp-block-navigation-item__label\">Traccia 2<\/span><\/a><\/li><\/ul><\/li><li class=\" wp-block-navigation-item wp-block-navigation-link\"><a class=\"wp-block-navigation-item__content\"  href=\"https:\/\/torino.wordcamp.org\/2023\/tickets\/\"><span class=\"wp-block-navigation-item__label\">Biglietti<\/span><\/a><\/li><li class=\" wp-block-navigation-item wp-block-navigation-link\"><a class=\"wp-block-navigation-item__content\"  href=\"https:\/\/torino.wordcamp.org\/2023\/sponsors\/\"><span class=\"wp-block-navigation-item__label\">Sponsor<\/span><\/a><\/li><li class=\" wp-block-navigation-item wp-block-navigation-link\"><a class=\"wp-block-navigation-item__content\"  href=\"https:\/\/torino.wordcamp.org\/2023\/news\/\"><span class=\"wp-block-navigation-item__label\">News<\/span><\/a><\/li><li data-wp-context=\"{ &quot;submenuOpenedBy&quot;: { &quot;click&quot;: false, &quot;hover&quot;: false, &quot;focus&quot;: false }, &quot;type&quot;: &quot;submenu&quot;, &quot;modal&quot;: null, &quot;previousFocus&quot;: null }\" data-wp-interactive=\"core\/navigation\" data-wp-on--focusout=\"actions.handleMenuFocusout\" data-wp-on--keydown=\"actions.handleMenuKeydown\" data-wp-on--pointerenter=\"actions.openMenuOnHover\" data-wp-on--pointerleave=\"actions.closeMenuOnHover\" data-wp-watch=\"callbacks.initMenu\" tabindex=\"-1\" class=\"wp-block-navigation-item has-child open-on-hover-click wp-block-navigation-submenu\"><a class=\"wp-block-navigation-item__content\"><span class=\"wp-block-navigation-item__label\">Info<\/span><\/a><button data-wp-bind--aria-expanded=\"state.isMenuOpen\" data-wp-on--click=\"actions.toggleMenuOnClick\" aria-label=\"Sottomenu di Info\" class=\"wp-block-navigation__submenu-icon wp-block-navigation-submenu__toggle\" ><svg xmlns=\"http:\/\/www.w3.org\/2000\/svg\" width=\"12\" height=\"12\" viewBox=\"0 0 12 12\" fill=\"none\" aria-hidden=\"true\" focusable=\"false\"><path d=\"M1.50002 4L6.00002 8L10.5 4\" stroke-width=\"1.5\"><\/path><\/svg><\/button><ul data-wp-on--focus=\"actions.openMenuOnFocus\" class=\"wp-block-navigation__submenu-container has-text-color has-base-color has-background has-secondary-background-color wp-block-navigation-submenu\"><li class=\" wp-block-navigation-item wp-block-navigation-link\"><a class=\"wp-block-navigation-item__content\"  href=\"https:\/\/torino.wordcamp.org\/2023\/location\/\"><span class=\"wp-block-navigation-item__label\">Dove<\/span><\/a><\/li><li class=\" wp-block-navigation-item wp-block-navigation-link\"><a class=\"wp-block-navigation-item__content\"  href=\"https:\/\/torino.wordcamp.org\/2023\/organizzazione\/\"><span class=\"wp-block-navigation-item__label\">Organizzazione<\/span><\/a><\/li><li class=\" wp-block-navigation-item wp-block-navigation-link\"><a class=\"wp-block-navigation-item__content\"  href=\"https:\/\/torino.wordcamp.org\/2023\/codice-di-condotta\/\"><span class=\"wp-block-navigation-item__label\">Codice di Condotta<\/span><\/a><\/li><li class=\" wp-block-navigation-item wp-block-navigation-link\"><a class=\"wp-block-navigation-item__content\"  href=\"https:\/\/torino.wordcamp.org\/2023\/wordcamp-e\/\"><span class=\"wp-block-navigation-item__label\">WordCamp \u00e8\u2026<\/span><\/a><\/li><li class=\" wp-block-navigation-item wp-block-navigation-link\"><a class=\"wp-block-navigation-item__content\"  href=\"https:\/\/torino.wordcamp.org\/2023\/il-contributor-day\/\"><span class=\"wp-block-navigation-item__label\">Contributor Day<\/span><\/a><\/li><li class=\" wp-block-navigation-item wp-block-navigation-link\"><a class=\"wp-block-navigation-item__content\"  href=\"https:\/\/torino.wordcamp.org\/2023\/partecipanti\/\"><span class=\"wp-block-navigation-item__label\">Partecipanti<\/span><\/a><\/li><li class=\" wp-block-navigation-item wp-block-navigation-link\"><a class=\"wp-block-navigation-item__content\"  href=\"https:\/\/torino.wordcamp.org\/2023\/covid-19-linee-guida\/\"><span class=\"wp-block-navigation-item__label\">Covid-19<\/span><\/a><\/li><li class=\" wp-block-navigation-item wp-block-navigation-link\"><a class=\"wp-block-navigation-item__content\"  href=\"https:\/\/torino.wordcamp.org\/2023\/contatti\/\"><span class=\"wp-block-navigation-item__label\">Contattaci<\/span><\/a><\/li><\/ul><\/li><li class=\" wp-block-navigation-item wp-block-navigation-link\"><a class=\"wp-block-navigation-item__content\"  href=\"#\"><span class=\"wp-block-navigation-item__label\">|<\/span><\/a><\/li><li class=\" wp-block-navigation-item wp-block-navigation-link\"><a class=\"wp-block-navigation-item__content\"  href=\"https:\/\/torino.wordcamp.org\/2023\/en\"><span class=\"wp-block-navigation-item__label\">EN<\/span><\/a><\/li><\/ul>\n\t\t\t\t\t\t\t\t\n\t\t\t\t\t\t\t<\/div>\n\t\t\t\t\t\t<\/div>\n\t\t\t\t\t<\/div>\n\t\t\t\t<\/div><\/nav><\/div>\n<\/div>\n<\/div>\n<\/div><\/div>\n<\/div>\n<\/header>\n\n\n\n<div class=\"wp-block-group is-layout-flow wp-block-group-is-layout-flow\">\n<div class=\"wp-block-group alignwide has-global-padding is-layout-constrained wp-block-group-is-layout-constrained\"><h2 style=\"font-style:normal;font-weight:700; margin-top:var(--wp--preset--spacing--50);margin-bottom:var(--wp--preset--spacing--40);\" class=\"has-text-align-center wp-block-post-title\">WordCamp \u00e8&#8230;<\/h2><\/div>\n<\/div>\n\n\n\n<p class=\"wp-block-paragraph\"><strong>I WordCamp sono eventi dedicati a <a href=\"http:\/\/wordpress.org\">WordPress<\/a><\/strong> \u2013 la piattaforma di pubblicazione di contenuti su internet pi\u00f9 usata al mondo \u2013 <strong>e sono organizzati dalle community locali di WordPress<\/strong>. Offrono sessioni di formazione, presentazioni sull&#8217;utilizzo di WordPress e networking fra chi partecipa, a prescindere dal ruolo e esperienza.<\/p>\n\n\n\n<p class=\"wp-block-paragraph\">Il <a href=\"https:\/\/central.wordcamp.org\/wordcamps\/san-francisco-2006\/\">primo WordCamp<\/a> si \u00e8 svolto nel 2006, a San Francisco, e dal successo ottenuto, <strong>i WordCamp sono diventati un momento fondamentale dell\u2019esperienza WordPress <\/strong>per molte persone in tutto il mondo.<\/p>\n\n\n\n<p class=\"wp-block-paragraph\">Spesso l&#8217;evento \u00e8 diviso in due giornate:<\/p>\n\n\n\n<ul class=\"wp-block-list\">\n<li>La Conferenza dove trovi gli interventi degli speaker<\/li>\n\n\n\n<li>Il <a href=\"https:\/\/torino.wordcamp.org\/2023\/il-contributor-day\/\" data-type=\"page\" data-id=\"539\">Contributor Day<\/a> dove si lavora insieme sul progetto open source WordPress<\/li>\n<\/ul>\n\n\n\n<p class=\"wp-block-paragraph\">Il nostro WordCamp \u00e8 organizzato in questo modo. <strong>Venerd\u00ec ci sar\u00e0 il Contributor Day e Sabato la Conferenza<\/strong>.<\/p>\n\n\n\n<p class=\"wp-block-paragraph\">I temi trattati durante un WordCamp sono molto ampi e ce n&#8217;\u00e8 per tutti i gusti ed esperienze. <strong>Si parla di sviluppo, di buone pratiche, di esperienze all&#8217;interno della Community, di marketing, di contenuti, di design<\/strong>&#8230; Insomma, di tutto quello che ti pu\u00f2 venire in mente pensando a WordPress e a un sito web.<\/p>\n\n\n\n<p class=\"wp-block-paragraph\"><strong>Alcuni interventi sono pi\u00f9 tecnici, altri pi\u00f9 di contesto. Alcuni dedicati a un pubblico esperto, alcuni dedicati a chi si sta avvicinando a WordPres<\/strong>s. Tutti hanno in comune la volont\u00e0 di condivisione di conoscenze ed esperienze. Durante un WordCamp si trovano sempre ottime suggestioni e nuove idee, e soprattutto si trova sempre qualcosa che valga la pena di approfondire una volta a casa.<\/p>\n\n\n\n<p class=\"wp-block-paragraph\">Se vuoi farti un&#8217;idea dei temi, puoi dare un&#8217;occhiata alla<a href=\"https:\/\/torino.wordcamp.org\/2023\/ricerca-speakers\/\" data-type=\"page\" data-id=\"286\"> Call for Speaker<\/a> di quest&#8217;anno, oppure andare a vedere cosa \u00e8 successo gli anni passati nei diversi WordCamp organizzati in giro per l&#8217;Italia. Ecco alcuni link:<\/p>\n\n\n\n<ul class=\"wp-block-list\">\n<li><a rel=\"noreferrer noopener\" href=\"https:\/\/torino.wordcamp.org\/2019\/\" target=\"_blank\">WordCamp Torino<\/a><\/li>\n\n\n\n<li><a rel=\"noreferrer noopener\" href=\"https:\/\/2019.bari.wordcamp.org\/\" target=\"_blank\">WordCamp Bari<\/a><\/li>\n\n\n\n<li><a rel=\"noreferrer noopener\" href=\"https:\/\/catania.wordcamp.org\/2019\/\" target=\"_blank\">WordCamp Catania<\/a><\/li>\n\n\n\n<li><a rel=\"noreferrer noopener\" href=\"https:\/\/2019.verona.wordcamp.org\/\" target=\"_blank\">WordCamp Verona<\/a><\/li>\n\n\n\n<li><a rel=\"noreferrer noopener\" href=\"https:\/\/milano.wordcamp.org\/2019\/\" target=\"_blank\">WordCamp Milano<\/a><\/li>\n\n\n\n<li><a href=\"https:\/\/italia.wordcamp.org\/2020\/\" target=\"_blank\" rel=\"noreferrer noopener\">WordCamp Italia 2020<\/a><\/li>\n\n\n\n<li><a rel=\"noreferrer noopener\" href=\"https:\/\/italia.wordcamp.org\/2021\/\" target=\"_blank\">WordCamp Italia 2021<\/a><\/li>\n<\/ul>\n\n\n\n<p class=\"wp-block-paragraph\">E se vuoi allargare lo sguardo oltre confine, sul sito di <a href=\"http:\/\/central.wordcamp.org\">WordCamp Central<\/a> trovi tutti i WordCamp del mondo programmati e quelli gi\u00e0 realizzati.<\/p>\n\n\n\n<p class=\"wp-block-paragraph\"><strong>Incontrarsi, condividere, imparare, contribuire: ecco le parole chiave dell&#8217;esperienza di un WordCamp.<\/strong> Senza dimenticare il divertimento! Un WordCamp \u00e8 davvero una festa della community di WordPress locale, dove ritrovare vecchi amici o farsene di nuovi!<\/p>\n\n\n\n<p class=\"wp-block-paragraph\"><strong>Il clima informale, accogliente e la volont\u00e0 di rendere l&#8217;evento fruibile per ogni persona<\/strong>, rendono l&#8217;esperienza di un WordCamp davvero magica. Alla fine si torna a casa con un pieno di energia positiva (e anche un carico di nuovi contatti e conoscenze) che dura a lungo.<\/p>\n\n\n\n<p class=\"wp-block-paragraph\"><strong>Non ci credi? Non ti resta che partecipare!<\/strong> Noi non vediamo l&#8217;ora di accoglierti a braccia aperte e con il sorriso sulle labbra.<\/p>\n\n\n\n<div class=\"wp-block-buttons is-layout-flex wp-block-buttons-is-layout-flex\">\n<div class=\"wp-block-button\"><a class=\"wp-block-button__link wp-element-button\" href=\"https:\/\/torino.wordcamp.org\/2023\/tickets\/\">Compra il biglietto per il WordCamp Torino ora!<\/a><\/div>\n<\/div>\n","protected":false},"excerpt":{"rendered":"<p>I WordCamp sono eventi dedicati a WordPress \u2013 la piattaforma di pubblicazione di contenuti su internet pi\u00f9 usata al mondo \u2013 e sono organizzati dalle community locali di WordPress. Offrono sessioni di formazione, presentazioni sull&#8217;utilizzo di WordPress e networking fra chi partecipa, a prescindere dal ruolo e esperienza. Il primo WordCamp si \u00e8 svolto nel [&hellip;]<\/p>\n","protected":false},"author":14513255,"featured_media":0,"parent":0,"menu_order":0,"comment_status":"closed","ping_status":"closed","template":"","meta":{"_crdt_document":"","jetpack_post_was_ever_published":false,"footnotes":""},"class_list":["post-967","page","type-page","status-publish","hentry"],"jetpack_sharing_enabled":true,"_links":{"self":[{"href":"https:\/\/torino.wordcamp.org\/2023\/wp-json\/wp\/v2\/pages\/967","targetHints":{"allow":["GET"]}}],"collection":[{"href":"https:\/\/torino.wordcamp.org\/2023\/wp-json\/wp\/v2\/pages"}],"about":[{"href":"https:\/\/torino.wordcamp.org\/2023\/wp-json\/wp\/v2\/types\/page"}],"author":[{"embeddable":true,"href":"https:\/\/torino.wordcamp.org\/2023\/wp-json\/wp\/v2\/users\/14513255"}],"replies":[{"embeddable":true,"href":"https:\/\/torino.wordcamp.org\/2023\/wp-json\/wp\/v2\/comments?post=967"}],"version-history":[{"count":11,"href":"https:\/\/torino.wordcamp.org\/2023\/wp-json\/wp\/v2\/pages\/967\/revisions"}],"predecessor-version":[{"id":1022,"href":"https:\/\/torino.wordcamp.org\/2023\/wp-json\/wp\/v2\/pages\/967\/revisions\/1022"}],"wp:attachment":[{"href":"https:\/\/torino.wordcamp.org\/2023\/wp-json\/wp\/v2\/media?parent=967"}],"curies":[{"name":"wp","href":"https:\/\/api.w.org\/{rel}","templated":true}]}}