{"id":129,"date":"2025-12-06T10:05:50","date_gmt":"2025-12-06T09:05:50","guid":{"rendered":"https:\/\/torino.wordcamp.org\/2026\/?page_id=129"},"modified":"2026-02-16T22:37:43","modified_gmt":"2026-02-16T21:37:43","slug":"cerchiamo-speaker","status":"publish","type":"page","link":"https:\/\/torino.wordcamp.org\/2026\/cerchiamo-speaker\/","title":{"rendered":"Cerchiamo Speaker"},"content":{"rendered":"\n<h2 class=\"wp-block-heading has-large-font-size\"><strong>Call for Speakers Torino 2026<\/strong><\/h2>\n\n\n\n<p class=\"has-text-align-center has-custom-careys-pink-background-color has-background\" style=\"padding-top:var(--wp--preset--spacing--10);padding-right:var(--wp--preset--spacing--10);padding-bottom:var(--wp--preset--spacing--10);padding-left:var(--wp--preset--spacing--10)\">Looking for the English version? <a href=\"https:\/\/torino.wordcamp.org\/2026\/wordcamp-turin-2026\/call-for-speakers\/\" data-type=\"page\" data-id=\"136\"><strong>Here&#8217;s a handy link to it!<\/strong><\/a><\/p>\n\n\n\n<blockquote class=\"wp-block-quote is-layout-flow wp-block-quote-is-layout-flow\">\n<p class=\"has-large-font-size\"><strong>Attenzione: la Call for Speakers \u00e8 chiusa!<\/strong><\/p>\n\n\n\n<p style=\"font-size:clamp(0.875rem, 0.875rem + ((1vw - 0.2rem) * 0.708), 1.3rem);\">Se non l\u2019hai ancora fatto, riserva il tuo posto a <a href=\"https:\/\/torino.wordcamp.org\/2026\/tickets\/\" data-type=\"page\" data-id=\"14\">WordCamp Torino 2026<\/a>!<\/p>\n<\/blockquote>\n\n\n\n<p><strong>La condivisione di esperienze e conoscenza \u00e8 il cuore di ogni&nbsp; WordCamp<\/strong>: c\u2019\u00e8 chi partecipa per la prima volta e vuole avvicinarsi a WordPress, e chi \u00e8 invece utente gi\u00e0 da tempo e vuole approfondire o scoprirne nuovi segreti.<\/p>\n\n\n\n<p><strong>I WordCamp sono eventi aperti a chiunque voglia parteciparvi<\/strong>: designer, blogger, developer, marketer, copywriter e, in generale, persone appassionate e curiose.<\/p>\n\n\n\n<p>I WordCamp sono eventi <strong>inclusivi<\/strong> e <strong>accessibili<\/strong>. Siamo quindi felici di ospitare speaker di ogni et\u00e0, background e livello di esperienza.<\/p>\n\n\n\n<p>Il WordCamp Torino ha tradizionalmente dedicato attenzione alla parit\u00e0 di genere e alla presenza di gruppi poco rappresentati nel programma dell\u2019evento. \u00c8&nbsp;una cosa a cui teniamo particolarmente&nbsp; e che vogliamo mantenere.<br>Per questo motivo, incoraggiamo in modo particolare le candidature da parte di donne. Che tu sia una sviluppatrice, ricopra un ruolo tecnico, o sia specializzata in altre aree dell\u2019ecosistema di WordPress, la tua candidatura \u00e8 benvenuta!<\/p>\n\n\n\n<p>Non dovrai essere speaker professionista, solo essere competente nell\u2019argomento di cui parlerai, e voler condividere ci\u00f2 che sai: \u00e8 proprio lo spirito di condivisione che sostiene WordPress e la sua community.<\/p>\n\n\n\n<p>Se questa \u00e8 la tua prima esperienza come speaker o vorresti avere un feedback sul tuo talk, abbiamo anche un ottimo servizio di mentoring per aiutarti a mettere a punto la tua presentazione!<\/p>\n\n\n\n<p>Hai utilizzato WordPress per un tuo progetto personale? Vuoi condividere le tue soluzioni ad una problematica insolita, o raccontarci come \u00e8 nata la tua passione per WordPress?<\/p>\n\n\n\n<p>Benissimo! Le tue esperienze potrebbero essere di ispirazione per il pubblico del WordCamp e far crescere tutta la nostra meravigliosa community.<\/p>\n\n\n\n<div class=\"wp-block-group has-custom-careys-pink-background-color has-background has-global-padding is-layout-constrained wp-container-core-group-is-layout-eaafc051 wp-block-group-is-layout-constrained\" style=\"margin-top:var(--wp--preset--spacing--50);margin-bottom:var(--wp--preset--spacing--50);padding-top:var(--wp--preset--spacing--30);padding-right:var(--wp--preset--spacing--30);padding-bottom:var(--wp--preset--spacing--30);padding-left:var(--wp--preset--spacing--30)\">\n<ul class=\"wp-block-list\">\n<li><strong><a href=\"#argomenti\">Di quali argomenti posso parlare?<\/a><\/strong><\/li>\n\n\n\n<li><strong><a href=\"#formati\" data-type=\"internal\" data-id=\"#formati\">Formato dei talk<\/a><\/strong><\/li>\n\n\n\n<li><strong><a href=\"#candidature\">Chi pu\u00f2 candidarsi per parlare?<\/a><\/strong><\/li>\n\n\n\n<li><strong><a href=\"#tempi-scadenze\">Tempi e scadenze<\/a><\/strong><\/li>\n\n\n\n<li><strong><a href=\"#one-more-thing\" data-type=\"internal\" data-id=\"#one-more-thing\">Altre cose da ricordare<\/a><\/strong><\/li>\n\n\n\n<li><strong><a href=\"#modulo-candidatura\">Invia la tua candidatura per il WordCamp Torino!<\/a><\/strong><\/li>\n<\/ul>\n<\/div>\n\n\n\n<h3 class=\"wp-block-heading\" id=\"argomenti\" style=\"margin-top:var(--wp--preset--spacing--50)\"><strong>Di quali argomenti posso parlare?<\/strong><\/h3>\n\n\n\n<p>Puoi scegliere liberamente qualunque argomento che ti appassiona e di cui tu voglia parlare. Tieni comunque presente che un WordCamp \u00e8 un evento dedicato a WordPress e alla sua community, per cui restare in questo ambito potrebbe aiutare il tuo talk ad essere selezionato.<\/p>\n\n\n\n<p>Ecco qualche idea per argomenti che ci piacerebbe trattare.<\/p>\n\n\n\n<p><strong>Sviluppo<\/strong><\/p>\n\n\n\n<ul class=\"wp-block-list\">\n<li>Integrazioni con terze parti (Gateway di pagamento, API\u2026)&nbsp;&nbsp;<\/li>\n\n\n\n<li>Headless CMS<\/li>\n\n\n\n<li>WordPress API<\/li>\n\n\n\n<li>PHP, HTML, CSS, JavaScript, ReactJS<\/li>\n\n\n\n<li>Editor a blocchi<\/li>\n\n\n\n<li>Estendere WordPress (sviluppo temi e plugin)<\/li>\n\n\n\n<li>FSE (Full Site Editing)<\/li>\n\n\n\n<li>Sicurezza di WordPress: Hosting, core, temi e plugin<\/li>\n\n\n\n<li>WordPress e Internet of Things<\/li>\n\n\n\n<li>Contribuire a WordPress<\/li>\n\n\n\n<li>Strumenti di sviluppo<\/li>\n\n\n\n<li>WordPress multisite<\/li>\n\n\n\n<li>AI e Machine Learning<\/li>\n<\/ul>\n\n\n\n<p><strong>Business<\/strong><\/p>\n\n\n\n<ul class=\"wp-block-list\">\n<li>Modelli di business (meglio se etici e sostenibili)<\/li>\n\n\n\n<li>GDPR Compliance<\/li>\n\n\n\n<li>Manutenzione ed altri servizi<\/li>\n\n\n\n<li>Trovare, gestire e supportare i clienti<\/li>\n\n\n\n<li>Vita ed esperienze da Freelance<\/li>\n\n\n\n<li>e-Commerce con WordPress<\/li>\n\n\n\n<li>SEO<\/li>\n\n\n\n<li>Case history \/ Case study<\/li>\n<\/ul>\n\n\n\n<p><strong>Comunit\u00e0 e Persone<\/strong><\/p>\n\n\n\n<ul class=\"wp-block-list\">\n<li>Accessibilit\u00e0<\/li>\n\n\n\n<li>Come funziona WordPress e dove trovare aiuto<\/li>\n\n\n\n<li>Contribuire al progetto<\/li>\n\n\n\n<li>Lavorare con la the community<\/li>\n\n\n\n<li>La roadmap di WordPress<\/li>\n\n\n\n<li>Il futuro di WordPress<\/li>\n\n\n\n<li>Inclusione e accessibilit\u00e0 (in tutti i sensi)<\/li>\n\n\n\n<li>Problemi e sfide principali legate all\u2019uso di WordPress<\/li>\n\n\n\n<li>Eventi della Community<\/li>\n\n\n\n<li>Open Source<\/li>\n<\/ul>\n\n\n\n<p><strong>Design<\/strong><\/p>\n\n\n\n<ul class=\"wp-block-list\">\n<li>Font e caratteri tipografici<\/li>\n\n\n\n<li>Progettare per le performance<\/li>\n\n\n\n<li>Brand Identity<\/li>\n\n\n\n<li>Progettare per l\u2019accessibilit\u00e0 \/ WCAG 2<\/li>\n\n\n\n<li>Il presente e futuro del design<\/li>\n\n\n\n<li>Web design (metodi, best practice e idee brillanti)<\/li>\n\n\n\n<li>Strumenti di design per il web<\/li>\n\n\n\n<li>\u201cRegole\u201d per il design e la progettazione di siti&nbsp;<\/li>\n\n\n\n<li>Diritto d\u2019autore<\/li>\n<\/ul>\n\n\n\n<h3 class=\"wp-block-heading\" id=\"formati\" style=\"margin-top:var(--wp--preset--spacing--50)\"><strong>Formato dei talk<\/strong><\/h3>\n\n\n\n<p>Vogliamo creare un evento ricco ma che lasci anche spazio per socializzare, visitare i nostri sponsor e per muoversi senza troppa fretta tra una presentazione e l\u2019altra.<\/p>\n\n\n\n<p>Per questo abbiamo tre formati:<\/p>\n\n\n\n<ul class=\"wp-block-list\">\n<li><strong>Talk tradizionale<br><\/strong>30 minuti di tempo in totale a disposizione di ogni speaker, utilizzabili completamente per una presentazione lunga, oppure per un talk pi\u00f9 breve che lasci spazio per qualche domanda del pubblico alla fine.<\/li>\n\n\n\n<li><strong>Lightning talk<br><\/strong>Un talk da 10 minuti: presentazioni dritte al punto, pillole di conoscenza per argomenti pratici, tecnici, accorgimenti\u2026 o i vostri assi nella manica nell\u2019uso di WordPress.<br>Un formato breve per dare spazio fino a 3 speaker nell\u2019arco di mezz\u2019ora.<\/li>\n\n\n\n<li><strong>Workshop<\/strong><br>Vuoi qualcosa di pi\u00f9 pratico? Conduci un seminario in cui le persone che partecipano possano rimboccarsi le maniche ed essere parte di un&#8217;esperienza di apprendimento interattiva e approfondita. <br>Durata massima 90 minuti.<br><\/li>\n<\/ul>\n\n\n\n<h3 class=\"wp-block-heading\" id=\"candidature\" style=\"margin-top:var(--wp--preset--spacing--50)\"><strong>Chi pu\u00f2 candidarsi per parlare?<\/strong><\/h3>\n\n\n\n<p>In breve: chiunque usi WordPress, a qualunque livello, incluso chi parla per la prima volta ad un evento. <strong>Si-pu\u00f2-fare!<\/strong><\/p>\n\n\n\n<p>WordCamp Torino 2026 riflette i valori della Community di WordPress: incoraggiamo la partecipazione di chi non \u00e8 mai stat\u0259 sul palco, o chi non ha molte opportunit\u00e0 per farlo.&nbsp;<\/p>\n\n\n\n<p>Gli unici requisiti sono passione e conoscenza pratica dell\u2019argomento di cui parlerai.<\/p>\n\n\n\n<p>Se l\u2019idea di parlare al WordCamp Torino ti solletica, ti aiuteremo a farlo! Abbiamo anche un programma di Mentoring per aiutare chi ha poca esperienza come speaker a prepararsi al meglio.<\/p>\n\n\n\n<h3 class=\"wp-block-heading\" id=\"tempi-scadenze\" style=\"margin-top:var(--wp--preset--spacing--50);margin-right:0;margin-bottom:0;margin-left:0\"><strong>Tempi e scadenze<\/strong><\/h3>\n\n\n\n<ul class=\"wp-block-list\">\n<li>10 dicembre 2025 \u2013 Apertura call for speakers<\/li>\n\n\n\n<li>15 febbraio 2026 \u2013 Chiusura call for speakers<\/li>\n\n\n\n<li>22 febbraio 2026- Le persone candidate riceveranno una risposta<\/li>\n\n\n\n<li>14 marzo 2026 \u2013 Pubblicazione del programma<\/li>\n\n\n\n<li><mark style=\"background-color:#aed0d8\" class=\"has-inline-color\">30 aprile \u2013 Termine per l\u2019invio delle slide<\/mark><\/li>\n\n\n\n<li>09 maggio 2026 \u2013 WordCamp Torino 2026!<\/li>\n<\/ul>\n\n\n\n<h4 class=\"wp-block-heading\" id=\"one-more-thing\">Altre cose da ricordare<\/h4>\n\n\n\n<ul class=\"wp-block-list\">\n<li><strong>Diamo il benvenuto a speaker di ogni et\u00e0 e background<\/strong>: i WordCamp sono eventi inclusivi e accessibili.<\/li>\n\n\n\n<li><strong>Non devi essere speaker professionista<\/strong>, ma ci aspettiamo che tu sia competente nell\u2019argomento di cui parlerai.<\/li>\n\n\n\n<li><strong>La tua presentazione non \u00e8 un mezzo per promuovere il tuo prodotto o servizio<\/strong>. Se la tua sessione spiega come hai usato WordPress per costruire qualcosa di interesse collettivo e vuoi presentare un case-study va benissimo, ma non sono ammessi messaggi di vendita (comprese slide con foto dei libri o corsi e link per l\u2019acquisto o coupon di sconto).<\/li>\n\n\n\n<li>Se la tua candidatura sar\u00e0 accettata, i testi che inserirai nei campi Bio, Titolo della sessione e Descrizione della sessione verranno usati nel sito: per favore, compila tutto con cura. Ci riserviamo la facolt\u00e0 di modificarli per coerenza con il resto dei testi.<\/li>\n\n\n\n<li>Ricorda la P maiuscola di WordPress e rispetta il <a href=\"http:\/\/wordpress.org\/about\/logos\/\"><strong>diritto d\u2019autore<\/strong><\/a> di WordPress.<\/li>\n\n\n\n<li>Se vuoi candidarti con pi\u00f9 proposte, compila il form per ogni singolo talk.<\/li>\n\n\n\n<li>Le slide dovranno essere consegnate <strong>entro venerd\u00ec 30 aprile.<\/strong><\/li>\n\n\n\n<li><strong>Nessun pagamento o rimborso \u00e8 dovuto ai relatori<\/strong>: i WordCamp si basano su contributi volontari di tutte le persone coinvolte.<\/li>\n\n\n\n<li><strong>Ti preghiamo di accettare queste regole solo se le hai davvero lette.<\/strong><\/li>\n<\/ul>\n\n\n\n<div style=\"height:100px\" aria-hidden=\"true\" class=\"wp-block-spacer\"><\/div>\n\n\n\n\n\n<div style=\"height:100px\" aria-hidden=\"true\" class=\"wp-block-spacer\"><\/div>\n\n\n\n\n<div class=\"wcfd-disabled-form\"><div id=\"wcorg-login-message\" class=\"message\">\n<p>Prima di inviare la tua candidatura come speaker, <a href=\"https:\/\/login.wordpress.org\/?from=torino.wordcamp.org&amp;redirect_to=https%3A%2F%2Ftorino.wordcamp.org%2F2026%2Fcerchiamo-speaker%2F&amp;locale=it_IT\">effettua l&#8217;accesso a WordCamp.org<\/a> utilizzando il tuo account <em><strong>WordPress.org<\/strong><\/em>.<\/p>\n\n<p>\nSe non hai un account, <a href=\"https:\/\/login.wordpress.org\/register?locale=it_IT&#038;redirect_to=https%3A%2F%2Flogin.wordpress.org%2F%3Ffrom%3Dtorino.wordcamp.org%26redirect_to%3Dhttps%253A%252F%252Ftorino.wordcamp.org%252F2026%252Fcerchiamo-speaker%252F%26locale%3Dit_IT\">creane uno<\/a>.<\/p>\n\n<p id=\"not-your-personal-site\">\n* Questo \u00e8 il tuo account per <a href=\"https:\/\/login.wordpress.org?locale=it_IT&amp;redirect_to=https:\/\/torino.wordcamp.org\/2026\/cerchiamo-speaker\/\">il sito ufficiale di WordPress.org<\/a>, non quello del tuo sito personale in WordPress.<\/p>\n<\/div><div class=\"wcfd-overlay\"><\/div><div inert><\/div><\/div>","protected":false},"excerpt":{"rendered":"<p>Call for Speakers Torino 2026 Looking for the English version? Here&#8217;s a handy link to it! Attenzione: la Call for Speakers \u00e8 chiusa! Se non l\u2019hai ancora fatto, riserva il tuo posto a WordCamp Torino 2026! La condivisione di esperienze e conoscenza \u00e8 il cuore di ogni&nbsp; WordCamp: c\u2019\u00e8 chi partecipa per la prima volta [&hellip;]<\/p>\n","protected":false},"author":8304567,"featured_media":0,"parent":0,"menu_order":0,"comment_status":"closed","ping_status":"closed","template":"","meta":{"jetpack_post_was_ever_published":true,"footnotes":""},"class_list":["post-129","page","type-page","status-publish","hentry"],"jetpack_sharing_enabled":true,"_links":{"self":[{"href":"https:\/\/torino.wordcamp.org\/2026\/wp-json\/wp\/v2\/pages\/129","targetHints":{"allow":["GET"]}}],"collection":[{"href":"https:\/\/torino.wordcamp.org\/2026\/wp-json\/wp\/v2\/pages"}],"about":[{"href":"https:\/\/torino.wordcamp.org\/2026\/wp-json\/wp\/v2\/types\/page"}],"author":[{"embeddable":true,"href":"https:\/\/torino.wordcamp.org\/2026\/wp-json\/wp\/v2\/users\/8304567"}],"replies":[{"embeddable":true,"href":"https:\/\/torino.wordcamp.org\/2026\/wp-json\/wp\/v2\/comments?post=129"}],"version-history":[{"count":16,"href":"https:\/\/torino.wordcamp.org\/2026\/wp-json\/wp\/v2\/pages\/129\/revisions"}],"predecessor-version":[{"id":1513,"href":"https:\/\/torino.wordcamp.org\/2026\/wp-json\/wp\/v2\/pages\/129\/revisions\/1513"}],"wp:attachment":[{"href":"https:\/\/torino.wordcamp.org\/2026\/wp-json\/wp\/v2\/media?parent=129"}],"curies":[{"name":"wp","href":"https:\/\/api.w.org\/{rel}","templated":true}]}}