{"id":14,"date":"2025-12-06T23:34:04","date_gmt":"2025-12-06T22:34:04","guid":{"rendered":"https:\/\/torino.wordcamp.org\/2026\/?page_id=14"},"modified":"2026-04-09T16:24:07","modified_gmt":"2026-04-09T14:24:07","slug":"tickets","status":"publish","type":"page","link":"https:\/\/torino.wordcamp.org\/2026\/tickets\/","title":{"rendered":"Tickets"},"content":{"rendered":"\n<p>I biglietti per il <strong>WordCamp Torino 2026 che si terr\u00e0 i giorni 8 e 9 maggio 2026<\/strong> sono in vendita. <a href=\"#tix\" data-type=\"internal\" data-id=\"#tix\">Prenota subito il tuo posto<\/a>!<\/p>\n\n\n\n<p>L&#8217;acquisto del biglietto ti dar\u00e0 diritto a:<\/p>\n\n\n\n<ul class=\"wp-block-list\">\n<li>accesso alla Conferenza di sabato 9 maggio<\/li>\n\n\n\n<li>accesso al <a href=\"https:\/\/torino.wordcamp.org\/2026\/il-contributor-day\/\" data-type=\"page\" data-id=\"844\">Contributor Day<\/a> [<a href=\"https:\/\/torino.wordcamp.org\/2026\/en\/contributor-day\/\" data-type=\"page\" data-id=\"852\">EN<\/a>] di venerd\u00ec 8 maggio<\/li>\n\n\n\n<li>pranzo e coffee-break in entrambe le giornate<\/li>\n\n\n\n<li>opportunit\u00e0 di fare networking con gli altri partecipanti, incontrare gli Sponsor e i relatori dei talk<\/li>\n\n\n\n<li>ricevere la t-shirt dell\u2019evento e i gadget degli Sponsor<\/li>\n\n\n\n<li>partecipare alla fantastica festa dell\u2019After Party nella serata di sabato<\/li>\n<\/ul>\n\n\n\n<p>Se decidi di partecipare al Contributor Day di Venerd\u00ec 8 maggio, <strong>ricordati di acquistare anche lo speciale biglietto<\/strong> (gratuito).<br>La partecipazione a questa giornata \u00e8 gratuita ma <strong>\u00e8 riservata solo a chi acquista anche il biglietto alla Conferenza<\/strong>.<\/p>\n\n\n\n<blockquote class=\"wp-block-quote is-layout-flow wp-block-quote-is-layout-flow\" style=\"padding-top:var(--wp--preset--spacing--20);padding-bottom:var(--wp--preset--spacing--20)\">\n<p class=\"has-medium-font-size\" style=\"padding-top:0;padding-bottom:0\">Troverai le istruzioni per partecipare al Contributor Day nella mail di conferma del pagamento che riceverai dopo aver acquistato un biglietto del WordCamp (Copper e\/o regular)<\/p>\n<\/blockquote>\n\n\n\n<p>Purtroppo i posti per il Contributor Day sono limitati: per favore acquista il biglietto solo se realmente verrai, altrimenti lascia che altri abbiano la possibilit\u00e0 di partecipare. Se in qualsiasi momento cambi idea (lo hai acquistato ma non puoi pi\u00f9 venire \/ i biglietti sono finiti ma vorresti venire) per favore segnalacelo tramite la nostra pagina di <a href=\"https:\/\/torino.wordcamp.org\/2026\/contatti\/\" data-type=\"page\" data-id=\"943\">contatto<\/a> [<a href=\"https:\/\/torino.wordcamp.org\/2026\/en\/contact\/\" data-type=\"page\" data-id=\"18\">EN<\/a>].<\/p>\n\n\n\n<p class=\"has-tertiary-background-color has-background\">Dopo l\u2019acquisto del biglietto, <strong>riceverai una mail di conferma del pagamento. Non hai bisogno di un biglietto per entrare<\/strong>, \u00e8 sufficiente che ti presenti alla registrazione nei giorni dell\u2019evento e riceverai il badge.<br>Per noi \u00e8 importante organizzare un evento con un ambiente amichevole, sicuro ed accogliente, accessibile, rispettoso di tutti e protetto. Per questo adottiamo un <a href=\"https:\/\/torino.wordcamp.org\/2026\/codice-di-condotta\/\" data-type=\"page\" data-id=\"648\">Codice di condotta<\/a>. Per cortesia, <a href=\"https:\/\/torino.wordcamp.org\/2026\/codice-di-condotta\/\" data-type=\"page\" data-id=\"648\">leggilo<\/a> prima di comprare il biglietto, perch\u00e9 chiederemo a tutti i partecipanti di rispettarlo!<\/p>\n\n\n<a href=\"https:\/\/torino.wordcamp.org\/2026\/tickets\/\">Please view this page in a browser to purchase or manage tickets.<\/a>\n\n\n\n<p><\/p>\n","protected":false},"excerpt":{"rendered":"<p>I biglietti per il WordCamp Torino 2026 che si terr\u00e0 i giorni 8 e 9 maggio 2026 sono in vendita. Prenota subito il tuo posto! L&#8217;acquisto del biglietto ti dar\u00e0 diritto a: Se decidi di partecipare al Contributor Day di Venerd\u00ec 8 maggio, ricordati di acquistare anche lo speciale biglietto (gratuito).La partecipazione a questa giornata [&hellip;]<\/p>\n","protected":false},"author":14513255,"featured_media":0,"parent":0,"menu_order":0,"comment_status":"closed","ping_status":"closed","template":"","meta":{"jetpack_post_was_ever_published":false,"footnotes":""},"class_list":["post-14","page","type-page","status-publish","hentry"],"jetpack_sharing_enabled":true,"_links":{"self":[{"href":"https:\/\/torino.wordcamp.org\/2026\/wp-json\/wp\/v2\/pages\/14","targetHints":{"allow":["GET"]}}],"collection":[{"href":"https:\/\/torino.wordcamp.org\/2026\/wp-json\/wp\/v2\/pages"}],"about":[{"href":"https:\/\/torino.wordcamp.org\/2026\/wp-json\/wp\/v2\/types\/page"}],"author":[{"embeddable":true,"href":"https:\/\/torino.wordcamp.org\/2026\/wp-json\/wp\/v2\/users\/14513255"}],"replies":[{"embeddable":true,"href":"https:\/\/torino.wordcamp.org\/2026\/wp-json\/wp\/v2\/comments?post=14"}],"version-history":[{"count":5,"href":"https:\/\/torino.wordcamp.org\/2026\/wp-json\/wp\/v2\/pages\/14\/revisions"}],"predecessor-version":[{"id":1091,"href":"https:\/\/torino.wordcamp.org\/2026\/wp-json\/wp\/v2\/pages\/14\/revisions\/1091"}],"wp:attachment":[{"href":"https:\/\/torino.wordcamp.org\/2026\/wp-json\/wp\/v2\/media?parent=14"}],"curies":[{"name":"wp","href":"https:\/\/api.w.org\/{rel}","templated":true}]}}