{"id":648,"date":"2026-01-31T13:17:23","date_gmt":"2026-01-31T12:17:23","guid":{"rendered":"https:\/\/torino.wordcamp.org\/2026\/?page_id=648"},"modified":"2026-03-06T10:32:10","modified_gmt":"2026-03-06T09:32:10","slug":"codice-di-condotta","status":"publish","type":"page","link":"https:\/\/torino.wordcamp.org\/2026\/codice-di-condotta\/","title":{"rendered":"Codice di Condotta"},"content":{"rendered":"\n<div class=\"wp-block-group has-global-padding is-layout-constrained wp-block-group-is-layout-constrained\">\n<h3 id=\"block-d72c8fa1-607e-44d1-9f6c-a7b0cb6238ac\" class=\"wp-block-heading\">1. Scopo<\/h3>\n\n\n\n<p>WordCamp Torino ritiene che la nostra community debba essere veramente aperta a tutti. Pertanto ci impegniamo a fornire un ambiente amichevole, sicuro e accogliente per tutti, indipendentemente da sesso, orientamento sessuale, disabilit\u00e0, etnia, religione, et\u00e0, casta, classe sociale, sistema operativo preferito, linguaggio di programmazione, editor di testo o tutte le altre caratteristiche identificative.<\/p>\n\n\n\n<p>Questo codice di condotta delinea le nostre linee guida per il comportamento dei partecipanti e le conseguenze per un comportamento inaccettabile.<\/p>\n\n\n\n<p>Invitiamo tutti gli sponsor, i volontari, i relatori, i partecipanti e gli altri partecipanti ad aiutarci a realizzare un\u2019esperienza di conferenza sicura e positiva per tutti.<\/p>\n\n\n\n<h3 id=\"block-fca7dc31-d5d5-434b-a7d5-d81ec0a104dd\" class=\"wp-block-heading\">2. Comunit\u00e0 Open Source<\/h3>\n\n\n\n<p>Un obiettivo supplementare di questo codice di condotta \u00e8 quello di allargare la comunit\u00e0 open source incoraggiando i partecipanti a riconoscere e rafforzare le relazioni tra ci\u00f2 che facciamo e la comunit\u00e0 in generale.<\/p>\n\n\n\n<p>Per questo obiettivo, gli organizzatori di WordCamp Torino raccoglieranno le candidature dei partecipanti esemplari per tutta la durata dell\u2019evento e presenteranno i partecipanti selezionati dopo la conferenza sul sito.<\/p>\n\n\n\n<p>Se vedete qualcuno che sta facendo uno sforzo in pi\u00f9 per assicurare che la nostra comunit\u00e0 sia accogliente, amichevole e incoraggi tutti i partecipanti a contribuire al massimo, vogliamo saperlo. Potete nominare qualcuno al tavolo delle Registrazioni oppure via email all\u2019indirizzo <a href=\"mailto:torino@wordcamp.org\">torino@wordcamp.org<\/a> .<\/p>\n\n\n\n<h3 id=\"block-076cc253-c486-4708-9fcc-6fa8f01247bb\" class=\"wp-block-heading\">3. Comportamento richiesto<\/h3>\n\n\n\n<ul class=\"wp-block-list\">\n<li>Siate premurosi, rispettosi e collaborativi.<\/li>\n\n\n\n<li>Astenersi da comportamenti e discorsi umilianti, discriminatori o molesti.<\/li>\n\n\n\n<li>Siate consapevoli dei vostri colleghi partecipanti. Avvisate gli organizzatori della conferenza se notate una situazione di pericolo o qualcuno in difficolt\u00e0.<\/li>\n\n\n\n<li>Partecipate in modo autentico e attivo. Cos\u00ec facendo, contribuirete a creare WordCamp Torino e a farla vostra.<\/li>\n<\/ul>\n\n\n\n<h3 id=\"block-6af4e1f2-9531-4a5d-a977-ad4a7e4b6fd8\" class=\"wp-block-heading\">4. Comportamenti non ammessi<\/h3>\n\n\n\n<p>I comportamenti inaccettabili includono: comportamenti intimidatori, molesti, abusivi, discriminatori, sprezzanti o degradanti da parte di qualsiasi partecipante al WordCamp Torino ed eventi correlati. Tutte le sedi e piattaforme di WordCamp Torino possono essere condivise con il pubblico; si prega di rispettare tutti gli utenti di questi luoghi e strumenti.<\/p>\n\n\n\n<p>La molestia include: commenti verbali offensivi relativi a genere, orientamento sessuale, razza, religione, disabilit\u00e0; uso inappropriato di nudit\u00e0 e\/o immagini e link sessuali in spazi pubblici (incluse diapositive di presentazione e chat di testo di eventi virtuali); intimidazione deliberata, stalking o simili; fotografia o registrazione molesta; interruzione prolungata dei colloqui o di altri eventi; contatto inappropriato e attenzione sessuale indesiderata.<\/p>\n\n\n\n<h3 id=\"block-30311274-d5a2-428c-a328-788bdcebd14a\" class=\"wp-block-heading\">5. Conseguenze di un comportameno scorretto<\/h3>\n\n\n\n<p>Comportamenti inaccettabili non saranno tollerati da altri partecipanti, organizzatori, sponsor o altri responsabili delle sedi e piattaforme di WordCamp Torino.<\/p>\n\n\n\n<p>Qualsiasi richiesta di porre fine ad un comportamento inaccettabile deve essere presa in carico immediatamente.<\/p>\n\n\n\n<p>Se un partecipante mette in atto un comportamento non consentito, gli organizzatori prenderanno provvedimenti approppriati, inclusa la possibilit\u00e0 di espulsione dall\u2019evento senza avvisi o rimborsi.<\/p>\n\n\n\n<h3 id=\"block-01cf0c8f-37c6-4338-b5d6-dc8f7606eef0\" class=\"wp-block-heading\">6. Cosa fare se si \u00e8 testimoni o si \u00e8 oggetto di comportamenti inaccettabili<\/h3>\n\n\n\n<p>Se siete oggetto di comportamenti inaccettabili, notate comportamenti non corretti verso altri partecipanti o avete altre preoccupazioni, si prega di informare un organizzatore il pi\u00f9 presto possibile.<\/p>\n\n\n\n<p>Il team di WordCamp Torino sar\u00e0 a disposizione per aiutare i partecipanti a contattare contattare hli agenti di sicurezza della sede della conferenza, le forze dell\u2019ordine, o per aiutare tutti i partecipanti a sentirsi al sicuro per tutta la durata della conferenza. I volontari indosseranno una maglietta special che li rende riconoscibili e sulle piattaforme lo screen name del volontario inizia con \u201c[V]\u201d. Qualsiasi volontario potr\u00e0 metterti in contatto con un organizzatore della conferenza. Puoi anche venire al tavolo delle Registrazioni e chiedere degli organizzatori.<\/p>\n\n\n\n<h3 id=\"block-594eb4e9-f052-4d54-8d4d-c416ecbd4ec8\" class=\"wp-block-heading\">7. Obiettivo<\/h3>\n\n\n\n<p>Ci aspettiamo che tutti i partecipanti alla conferenza (sponsor, volontari, relatori, partecipanti e altri ospiti) si attengano a questo codice di condotta in tutte le piattaforme della conferenza e in tutti gli eventi sociali connessi alla conferenza.<\/p>\n\n\n\n<h3 id=\"block-9d0bdff0-80fe-4298-a720-de7801f168ff\" class=\"wp-block-heading\">8. Informazioni di contatto<\/h3>\n\n\n\n<p>Per qualsiasi informazione potete contattarci al tavolo delle Registrazioni o inviando una email a <a href=\"mailto:torino@wordcamp.org\">torino@wordcamp.org<\/a> .<\/p>\n\n\n\n<h3 id=\"block-8b3d32bb-15a8-4048-83cd-7790e8b7d346\" class=\"wp-block-heading\">9. Licenza e Attribuzione<\/h3>\n\n\n\n<p>Questo codice di condotta \u00e8 stato generato partendo dal fantastico lavoro di Open Source Bridge, modificato con le informazioni specifiche di questo evento. L\u2019originale \u00e8 disponibile al link <a href=\"https:\/\/opensourcebridge.org\/about\/code-of-conduct\/\">https:\/\/opensourcebridge.org\/about\/code-of-conduct\/<\/a> ed \u00e8 stato rilasciato con licenza <a href=\"https:\/\/creativecommons.org\/licenses\/by-sa\/3.0\/\" data-type=\"link\" data-id=\"https:\/\/creativecommons.org\/licenses\/by-sa\/3.0\/\">Creative Commons Attribution-ShareAlike<\/a> .<\/p>\n\n\n\n<h3 id=\"block-8b3d32bb-15a8-4048-83cd-7790e8b7d346\" class=\"wp-block-heading\">10. Dichiarazione sugli eventi sociali o supplementari (se applicabile)<\/h3>\n\n\n\n<p>Gli eventi sociali e supplementari hanno lo scopo di fornire opportunit\u00e0 di networking e di formazione aggiuntiva, nonch\u00e9 un&#8217;opportunit\u00e0 di rilassarsi dopo un WordCamp completo. Devono inoltre essere luoghi in cui i partecipanti possano sentirsi al sicuro.<\/p>\n\n\n\n<p>Vogliamo che vi divertiate a questi eventi e che lo facciate in modo sicuro. Se riscontrate una violazione del Codice di Condotta, se vedete una violazione, se siete preoccupati per il benessere, la sicurezza o il comportamento di un altro partecipante o se avete una domanda di carattere generale (siamo consapevoli che le violazioni non sono sempre evidenti!), contattateci immediatamente informando un organizzatore del WordCamp o inviando un&#8217;e-mail all&#8217;indirizzo <a href=\"mailto:report@wordcamp.org\">report@wordcamp.org<\/a>. <\/p>\n\n\n\n<p>Per gli eventi di persona, se avete bisogno di aiuto o non siete in grado di allontanarvi comodamente o in sicurezza da una situazione in cui non volete trovarvi, gli organizzatori daranno priorit\u00e0 all&#8217;assistenza immediata e discreta. Alcuni esempi sono: non vi sentite bene; i vostri accordi per il trasporto non sono stati rispettati; siete intossicati, siete soli o con qualcuno di cui non vi fidate, avete subito o assistito a una violazione del Codice di Condotta. <br>Chiedete a qualsiasi volontario o organizzatore dell&#8217;evento nelle vicinanze di aiutarvi.<\/p>\n<\/div>\n","protected":false},"excerpt":{"rendered":"<p>1. Scopo WordCamp Torino ritiene che la nostra community debba essere veramente aperta a tutti. Pertanto ci impegniamo a fornire un ambiente amichevole, sicuro e accogliente per tutti, indipendentemente da sesso, orientamento sessuale, disabilit\u00e0, etnia, religione, et\u00e0, casta, classe sociale, sistema operativo preferito, linguaggio di programmazione, editor di testo o tutte le altre caratteristiche identificative. [&hellip;]<\/p>\n","protected":false},"author":20686243,"featured_media":0,"parent":0,"menu_order":0,"comment_status":"closed","ping_status":"closed","template":"","meta":{"jetpack_post_was_ever_published":false,"footnotes":""},"class_list":["post-648","page","type-page","status-publish","hentry"],"jetpack_sharing_enabled":true,"_links":{"self":[{"href":"https:\/\/torino.wordcamp.org\/2026\/wp-json\/wp\/v2\/pages\/648","targetHints":{"allow":["GET"]}}],"collection":[{"href":"https:\/\/torino.wordcamp.org\/2026\/wp-json\/wp\/v2\/pages"}],"about":[{"href":"https:\/\/torino.wordcamp.org\/2026\/wp-json\/wp\/v2\/types\/page"}],"author":[{"embeddable":true,"href":"https:\/\/torino.wordcamp.org\/2026\/wp-json\/wp\/v2\/users\/20686243"}],"replies":[{"embeddable":true,"href":"https:\/\/torino.wordcamp.org\/2026\/wp-json\/wp\/v2\/comments?post=648"}],"version-history":[{"count":2,"href":"https:\/\/torino.wordcamp.org\/2026\/wp-json\/wp\/v2\/pages\/648\/revisions"}],"predecessor-version":[{"id":946,"href":"https:\/\/torino.wordcamp.org\/2026\/wp-json\/wp\/v2\/pages\/648\/revisions\/946"}],"wp:attachment":[{"href":"https:\/\/torino.wordcamp.org\/2026\/wp-json\/wp\/v2\/media?parent=648"}],"curies":[{"name":"wp","href":"https:\/\/api.w.org\/{rel}","templated":true}]}}