{"id":844,"date":"2026-01-31T00:04:20","date_gmt":"2026-01-30T23:04:20","guid":{"rendered":"https:\/\/torino.wordcamp.org\/2026\/?page_id=844"},"modified":"2026-02-02T10:09:43","modified_gmt":"2026-02-02T09:09:43","slug":"il-contributor-day","status":"publish","type":"page","link":"https:\/\/torino.wordcamp.org\/2026\/il-contributor-day\/","title":{"rendered":"Il Contributor Day"},"content":{"rendered":"\n\n\n<div class=\"wp-block-columns alignwide is-layout-flex wp-container-core-columns-is-layout-28f84493 wp-block-columns-is-layout-flex\"><\/div>\n\n\n\n<div class=\"wp-block-group has-global-padding is-layout-constrained wp-block-group-is-layout-constrained\">\n<pre class=\"wp-block-verse\">Il Contributor Day WordCamp Torino 2026 si terr\u00e0 nella giornata di venerd\u00ec 8 maggio 2026 presso i locali di <a href=\"https:\/\/torino.wordcamp.org\/2026\/dove\/\" data-type=\"page\" data-id=\"11\">Toolbox Coworking<\/a>. <\/pre>\n\n\n\n<figure class=\"wp-block-image size-full has-custom-border\"><img decoding=\"async\" src=\"https:\/\/torino.wordcamp.org\/2023\/files\/2022\/12\/Make_WordPress.png\" alt=\"\" class=\"has-border-color has-cyan-bluish-gray-border-color wp-image-544\" style=\"border-width:1px;border-radius:5px\" \/><\/figure>\n\n\n\n<blockquote class=\"wp-block-quote is-layout-flow wp-block-quote-is-layout-flow\">\n<p><em>Sia che tu stia muovendo i primi passi nel codice, o lavori sui siti per professione o semplicemente ti piace dare una mano, siamo sempre alla ricerca di persone che ci aiutino a rendere WordPress ancora migliore.<\/em><\/p>\n<cite>wordpress.org<\/cite><\/blockquote>\n\n\n\n<p>Questo \u00e8 l&#8217;incipit della pagina dedicata alla contribuzione di WordPress e racchiude molto bene lo spirito che anima un Contributor Day.<\/p>\n\n\n\n<p>WordPress \u00e8 un progetto open source, e questo significa principalmente che, dietro alla tua installazione, ci sono ore lavoro di tante persone in tutto il mondo.<\/p>\n\n\n\n<p>Contribuire a WordPress, significa iniziare a scoprire cosa si cela dietro al CMS pi\u00f9 utilizzato al mondo. Spoiler: ci sono le persone \ud83d\ude1c<\/p>\n\n\n\n<figure class=\"wp-block-image size-large\"><img decoding=\"async\" src=\"https:\/\/torino.wordcamp.org\/2023\/files\/2022\/12\/ContributorDay-2016_01-1024x682.jpeg\" alt=\"Contributor Day 2016 Torino\" class=\"wp-image-551\" \/><figcaption class=\"wp-element-caption\"><em>Photo Credits 2016 Gianni Vascellari<\/em><\/figcaption><\/figure>\n\n\n\n<h2 class=\"wp-block-heading\">Ogni contributo conta!<\/h2>\n\n\n\n<p>I gruppi di lavoro della giornata sono guidati da Contributor Senior e sono&nbsp;rivolti a chi ha gi\u00e0 esperienza e a chi \u00e8 alle prime armi.<\/p>\n\n\n\n<p><strong>Chiunque trova un team a cui pu\u00f2 dare una mano<\/strong>: Il tuo livello di conoscenza di WordPress non fa differenza. Se desideri mettere a disposizione quello che sai fare o quello che vorresti fare, questa \u00e8 la giornata giusta per te!<\/p>\n\n\n\n<h2 class=\"wp-block-heading\">Come posso contribuire?<\/h2>\n\n\n\n<p>Durante la giornata del Contributor Day potrai sederti al tavolo di lavoro che preferisci, secondo le tue competenze o la tua curiosit\u00e0. Sar\u00e0 il Contributor Senior a illustrarti come poter contribuire. Rilassati quindi e accendi il tuo pc (s\u00ec, quello serve).<\/p>\n\n\n\n<figure class=\"wp-block-image size-large\"><img decoding=\"async\" src=\"https:\/\/torino.wordcamp.org\/2023\/files\/2022\/12\/ContributorDay-2016_02-1024x682.jpeg\" alt=\"Contributor Day 2016 Torino - tavolo Core\" class=\"wp-image-552\" \/><figcaption class=\"wp-element-caption\"><em>Photo Credits 2016 Gianni Vascellari<\/em><\/figcaption><\/figure>\n\n\n\n<h3 class=\"wp-block-heading\">Vuoi farti un&#8217;idea di come contribuire a WordPress?<\/h3>\n\n\n\n<p>Ecco i Team Globali:<\/p>\n\n\n\n<ul class=\"wp-block-list\">\n<li><strong>Core<\/strong>: il team Core crea WordPress, proprio nel senso che scrive il codice.\u00a0Che tu stia sviluppando da anni in PHP, HTML, JavaScript o CSS o che stia semplicemente imparando a programmare, ci piacerebbe averti a bordo.\u00a0Puoi scrivere codice, correggere bug, discutere decisioni e aiutare con lo sviluppo.<\/li>\n\n\n\n<li><strong>Design<\/strong>: il gruppo di Design \u00e8 focalizzato sulla progettazione e lo sviluppo dell\u2019interfaccia utente.&nbsp;\u00c8 il team perfetto per designer e UX<em>er<\/em>&nbsp;.&nbsp;Ci sono discussioni e confronti costantemente su mockup, design e test d\u2019uso.<\/li>\n\n\n\n<li><strong>Mobile<\/strong>: il team mobile crea le app iOS e Android.\u00a0Presta loro le tue abilit\u00e0 Java, Objective-C o Swift.\u00a0Il team ha anche bisogno di designer, persone esperte di UX e tester per offrire un\u2019esperienza fluida su ogni dispositivo.\u00a0<\/li>\n\n\n\n<li><strong>Accessibility<\/strong>: Il gruppo<em>&nbsp;a11y&nbsp;<\/em>\u2013 lo troverai nominato cos\u00ec questo team \u2013 fornisce competenze in materia di accessibilit\u00e0 in tutto il progetto. Qui ci si d\u00e0 da fare per garantire che il core e tutte le risorse di WordPress siano accessibili.<\/li>\n\n\n\n<li><strong>Polyglots<\/strong>: WordPress \u00e8 utilizzato in tutto il mondo e in molte lingue diverse.\u00a0Se sei\u00a0<em>poliglotta<\/em>, aiutaci traducendo WordPress nella tua lingua.\u00a0Puoi anche aiutare a creare gli strumenti che semplificano le traduzioni.<\/li>\n\n\n\n<li><strong>Support<\/strong>: Rispondere a una domanda nei forum di supporto o su IRC \u00e8 uno dei modi pi\u00f9 semplici per iniziare a contribuire.&nbsp;<\/li>\n\n\n\n<li><strong>Documentation<\/strong>: il team documentazione crea, appunto, tutta la documentazione ed \u00e8 sempre alla ricerca di autori e autrici.\u00a0<\/li>\n\n\n\n<li><strong>Themes<\/strong>: il team di revisione dei temi esamina e approva ciascun tema inviato al repository WordPress, affinch\u00e9 sia conforme ai nostri standard.&nbsp;La revisione dei temi affiner\u00e0 le tue capacit\u00e0 di sviluppo dei temi.&nbsp;<\/li>\n\n\n\n<li><strong>Plugins<\/strong>: se sviluppi plugin, iscriviti al blog del team Plugin per conoscere gli ultimi aggiornamenti, trovare risorse e conoscere eventuali problemi relativi allo sviluppo di plugin.<\/li>\n\n\n\n<li><strong>Community<\/strong>: ti interessa organizzare un meetup o un WordCamp? Il blog della community \u00e8 un ottimo punto di partenza.\u00a0Ci sono gruppi che lavorano per supportare eventi, creare programmi di sensibilizzazione e formazione e, in generale, supportare la comunit\u00e0.<\/li>\n\n\n\n<li><strong>Meta<\/strong>: il team Meta crea WordPress.org, fornisce supporto e crea strumenti per l\u2019uso da parte di tutti i gruppi di contributori.&nbsp;Se vuoi contribuire a migliorare WordPress.org, inizia iscrivendoti agli aggiornamenti del Meta blog.<\/li>\n\n\n\n<li><strong>Training<\/strong>\u00a0: il team di formazione di WordPress aiuta le persone a imparare a utilizzare, estendere e contribuire a WordPress attraverso l\u2019apprendimento sincrono e asincrono, nonch\u00e9 piani di lezione scaricabili per istruttrici e istruttori da utilizzare in ambienti live, tramite learn.wordpress.org.\u00a0<\/li>\n\n\n\n<li><strong>Test<\/strong>: il gruppo di test mettono sotto stress l\u2019intero ecosistema di WordPress su ogni dispositivo che abbiano a portata di mano.&nbsp;Testano, documentano e segnalano l\u2019esperienza utente di WordPress, a 360\u00b0.<\/li>\n\n\n\n<li><strong>TV<\/strong>&nbsp;: il team TV esamina e approva ogni video inviato a WordPress.tv.&nbsp;Aiutano anche gli organiser dei WordCamp con la post-produzione dei video e sono responsabili della didascalia e dei sottotitoli dei video pubblicati.&nbsp;<\/li>\n\n\n\n<li><strong>Marketing<\/strong>\u00a0: la vision del team di marketing \u00e8 quella di essere la risorsa di riferimento per la strategia e i contenuti per tutti gli altri team di WordPress. Per far conoscere WordPress a sempre pi\u00f9 persone.<\/li>\n\n\n\n<li><strong>CLI<\/strong>&nbsp;: WP-CLI \u00e8 lo strumento ufficiale da riga di comando per interagire e gestire i tuoi siti WordPress.<\/li>\n\n\n\n<li><strong>Hosting<\/strong>&nbsp;: questo team lavora per migliorare l\u2019esperienza dell\u2019utente finale di WordPress negli ambienti di hosting attraverso la collaborazione e la formazione degli utenti.&nbsp;<\/li>\n\n\n\n<li><strong>Tide<\/strong>&nbsp;: Tide \u00e8 una serie di test automatici eseguiti su ogni plugin e tema nella directory, quindi visualizza la compatibilit\u00e0 PHP e verifica gli errori\/avvisi nella directory.<\/li>\n\n\n\n<li><strong>Openverse<\/strong>&nbsp;: Openverse \u00e8 un motore di ricerca per i media (immagini, video, ecc\u2026) con licenza&nbsp;<em>open<\/em>.&nbsp;Il team di Openverse implementa nuove funzionalit\u00e0 e nuovi tipi di media;&nbsp;mantiene l\u2019API pubblica e il motore di ricerca front-end; sviluppa integrazioni WordPress per condividere Openverse con l\u2019intera community di WordPress.<\/li>\n\n\n\n<li><strong>Photos<\/strong>&nbsp;: il team Photos modera ogni foto inviata alla directory Photos di WordPress, mantiene e migliora il sito della directory stessa e fornisce risorse e documentazione per educare, incoraggiare e facilitare i contributor di foto.<\/li>\n\n\n\n<li><strong>Core Performance:<\/strong>&nbsp;il team Core Performance \u00e8 dedicato al monitoraggio, al miglioramento e alla promozione delle prestazioni nel core e in tutto l\u2019ecosistema attorno a WordPress<\/li>\n<\/ul>\n\n\n\n<p>Scopri di pi\u00f9 su ciascun team  su&nbsp;<a href=\"https:\/\/make.wordpress.org\/\">Make WordPress<\/a>&nbsp;.<\/p>\n\n\n\n<figure class=\"wp-block-image size-large\"><img decoding=\"async\" src=\"https:\/\/torino.wordcamp.org\/2023\/files\/2022\/12\/ContributorDay-2016_03-1024x682.jpeg\" alt=\"Contributor Day 2016 Torino - bacheca\" class=\"wp-image-553\" \/><figcaption class=\"wp-element-caption\"><em>Photo Credits 2016 Gianni Vascellari<\/em><\/figcaption><\/figure>\n<\/div>\n","protected":false},"excerpt":{"rendered":"<p>Il Contributor Day WordCamp Torino 2026 si terr\u00e0 nella giornata di venerd\u00ec 8 maggio 2026 presso i locali di Toolbox Coworking. Sia che tu stia muovendo i primi passi nel codice, o lavori sui siti per professione o semplicemente ti piace dare una mano, siamo sempre alla ricerca di persone che ci aiutino a rendere [&hellip;]<\/p>\n","protected":false},"author":20686243,"featured_media":0,"parent":0,"menu_order":0,"comment_status":"closed","ping_status":"closed","template":"","meta":{"jetpack_post_was_ever_published":false,"footnotes":""},"class_list":["post-844","page","type-page","status-publish","hentry"],"jetpack_sharing_enabled":true,"_links":{"self":[{"href":"https:\/\/torino.wordcamp.org\/2026\/wp-json\/wp\/v2\/pages\/844","targetHints":{"allow":["GET"]}}],"collection":[{"href":"https:\/\/torino.wordcamp.org\/2026\/wp-json\/wp\/v2\/pages"}],"about":[{"href":"https:\/\/torino.wordcamp.org\/2026\/wp-json\/wp\/v2\/types\/page"}],"author":[{"embeddable":true,"href":"https:\/\/torino.wordcamp.org\/2026\/wp-json\/wp\/v2\/users\/20686243"}],"replies":[{"embeddable":true,"href":"https:\/\/torino.wordcamp.org\/2026\/wp-json\/wp\/v2\/comments?post=844"}],"version-history":[{"count":8,"href":"https:\/\/torino.wordcamp.org\/2026\/wp-json\/wp\/v2\/pages\/844\/revisions"}],"predecessor-version":[{"id":997,"href":"https:\/\/torino.wordcamp.org\/2026\/wp-json\/wp\/v2\/pages\/844\/revisions\/997"}],"wp:attachment":[{"href":"https:\/\/torino.wordcamp.org\/2026\/wp-json\/wp\/v2\/media?parent=844"}],"curies":[{"name":"wp","href":"https:\/\/api.w.org\/{rel}","templated":true}]}}